{"id":15,"date":"2020-01-28T10:19:45","date_gmt":"2020-01-28T09:19:45","guid":{"rendered":"https:\/\/riva-lofts.appspot.com\/?page_id=15"},"modified":"2024-09-05T10:04:29","modified_gmt":"2024-09-05T08:04:29","slug":"evenements","status":"publish","type":"page","link":"https:\/\/rivalofts.com\/fr\/evenements\/","title":{"rendered":"\u00c9v\u00e8nements"},"content":{"rendered":"\n<div class=\"wp-block-group alignfull is-style-no-padding\"><div class=\"wp-block-group__inner-container is-layout-flow wp-block-group-is-layout-flow\">\n<figure class=\"wp-block-image alignfull size-wide\"><img data-recalc-dims=\"1\" loading=\"lazy\" decoding=\"async\" width=\"1440\" height=\"720\" src=\"https:\/\/i0.wp.com\/rivalofts.com\/wp-content\/uploads\/2020\/02\/riva-loft-eventi-intestazione-2560x1280.jpg?resize=1440%2C720&#038;ssl=1\" alt=\"\" class=\"wp-image-1787\" srcset=\"https:\/\/i0.wp.com\/rivalofts.com\/fr\/wp-content\/uploads\/sites\/4\/2020\/02\/riva-loft-eventi-intestazione-scaled.jpg?w=2560&amp;ssl=1 2560w, https:\/\/i0.wp.com\/rivalofts.com\/fr\/wp-content\/uploads\/sites\/4\/2020\/02\/riva-loft-eventi-intestazione-scaled.jpg?resize=620%2C310&amp;ssl=1 620w, https:\/\/i0.wp.com\/rivalofts.com\/fr\/wp-content\/uploads\/sites\/4\/2020\/02\/riva-loft-eventi-intestazione-scaled.jpg?resize=1280%2C640&amp;ssl=1 1280w, https:\/\/i0.wp.com\/rivalofts.com\/fr\/wp-content\/uploads\/sites\/4\/2020\/02\/riva-loft-eventi-intestazione-scaled.jpg?resize=912%2C456&amp;ssl=1 912w, https:\/\/i0.wp.com\/rivalofts.com\/fr\/wp-content\/uploads\/sites\/4\/2020\/02\/riva-loft-eventi-intestazione-scaled.jpg?resize=1536%2C768&amp;ssl=1 1536w, https:\/\/i0.wp.com\/rivalofts.com\/fr\/wp-content\/uploads\/sites\/4\/2020\/02\/riva-loft-eventi-intestazione-scaled.jpg?resize=2048%2C1024&amp;ssl=1 2048w, https:\/\/i0.wp.com\/rivalofts.com\/fr\/wp-content\/uploads\/sites\/4\/2020\/02\/riva-loft-eventi-intestazione-scaled.jpg?resize=337%2C169&amp;ssl=1 337w\" sizes=\"(max-width: 1440px) 100vw, 2560px\" \/><\/figure>\n\n\n\n<div class=\"wp-block-media-text alignfull has-media-on-the-right is-stacked-on-mobile\"><div class=\"wp-block-media-text__content\">\n<h2 class=\"wp-block-heading\">Meetings et Entreprises<\/h2>\n\n\n\n<hr class=\"wp-block-separator has-css-opacity\"\/>\n\n\n\n<p class=\"is-style-subtitle\">Des solutions sur mesure<\/p>\n\n\n\n<div class=\"wp-block-group flickity-item__hover-content\"><div class=\"wp-block-group__inner-container is-layout-flow wp-block-group-is-layout-flow\">\n<p>Si vous \u00eates \u00e0 la recherche d\u2019un lieu particulier pour motiver et remercier vos managers, consolider et am\u00e9liorer les relations au sein de votre \u00e9quipe ou pour rencontrer la presse, Riva Lofts offre des solutions sur mesure pour chaque exigence.<\/p>\n\n\n\n<div style=\"height:20px\" aria-hidden=\"true\" class=\"wp-block-spacer\"><\/div>\n\n\n\n<div class=\"wp-block-button is-style-right-arrow is-animated\"><a class=\"wp-block-button__link wp-element-button\" href=\"\/fr\/evenements\/meetings-dentreprise\/\">D\u00e9couvrez davantage<\/a><\/div>\n<\/div><\/div>\n<\/div><figure class=\"wp-block-media-text__media\"><img data-recalc-dims=\"1\" loading=\"lazy\" decoding=\"async\" width=\"1024\" height=\"683\" src=\"https:\/\/i0.wp.com\/rivalofts.com\/wp-content\/uploads\/2020\/01\/riva-loft-eventi-generale-half_0003_team_building-1024x683.jpg?resize=1024%2C683&#038;ssl=1\" alt=\"\" class=\"wp-image-343 size-full\" srcset=\"https:\/\/i0.wp.com\/rivalofts.com\/fr\/wp-content\/uploads\/sites\/4\/2020\/01\/riva-loft-eventi-generale-half_0003_team_building.jpg?resize=1024%2C683&amp;ssl=1 1024w, https:\/\/i0.wp.com\/rivalofts.com\/fr\/wp-content\/uploads\/sites\/4\/2020\/01\/riva-loft-eventi-generale-half_0003_team_building.jpg?resize=620%2C413&amp;ssl=1 620w, https:\/\/i0.wp.com\/rivalofts.com\/fr\/wp-content\/uploads\/sites\/4\/2020\/01\/riva-loft-eventi-generale-half_0003_team_building.jpg?resize=1280%2C853&amp;ssl=1 1280w, https:\/\/i0.wp.com\/rivalofts.com\/fr\/wp-content\/uploads\/sites\/4\/2020\/01\/riva-loft-eventi-generale-half_0003_team_building.jpg?resize=912%2C608&amp;ssl=1 912w, https:\/\/i0.wp.com\/rivalofts.com\/fr\/wp-content\/uploads\/sites\/4\/2020\/01\/riva-loft-eventi-generale-half_0003_team_building.jpg?resize=337%2C225&amp;ssl=1 337w, https:\/\/i0.wp.com\/rivalofts.com\/fr\/wp-content\/uploads\/sites\/4\/2020\/01\/riva-loft-eventi-generale-half_0003_team_building.jpg?resize=300%2C200&amp;ssl=1 300w, https:\/\/i0.wp.com\/rivalofts.com\/fr\/wp-content\/uploads\/sites\/4\/2020\/01\/riva-loft-eventi-generale-half_0003_team_building.jpg?resize=768%2C512&amp;ssl=1 768w, https:\/\/i0.wp.com\/rivalofts.com\/fr\/wp-content\/uploads\/sites\/4\/2020\/01\/riva-loft-eventi-generale-half_0003_team_building.jpg?resize=266%2C177&amp;ssl=1 266w, https:\/\/i0.wp.com\/rivalofts.com\/fr\/wp-content\/uploads\/sites\/4\/2020\/01\/riva-loft-eventi-generale-half_0003_team_building.jpg?resize=400%2C267&amp;ssl=1 400w, https:\/\/i0.wp.com\/rivalofts.com\/fr\/wp-content\/uploads\/sites\/4\/2020\/01\/riva-loft-eventi-generale-half_0003_team_building.jpg?resize=800%2C533&amp;ssl=1 800w, https:\/\/i0.wp.com\/rivalofts.com\/fr\/wp-content\/uploads\/sites\/4\/2020\/01\/riva-loft-eventi-generale-half_0003_team_building.jpg?resize=480%2C320&amp;ssl=1 480w, https:\/\/i0.wp.com\/rivalofts.com\/fr\/wp-content\/uploads\/sites\/4\/2020\/01\/riva-loft-eventi-generale-half_0003_team_building.jpg?resize=600%2C400&amp;ssl=1 600w, https:\/\/i0.wp.com\/rivalofts.com\/fr\/wp-content\/uploads\/sites\/4\/2020\/01\/riva-loft-eventi-generale-half_0003_team_building.jpg?resize=900%2C600&amp;ssl=1 900w, https:\/\/i0.wp.com\/rivalofts.com\/fr\/wp-content\/uploads\/sites\/4\/2020\/01\/riva-loft-eventi-generale-half_0003_team_building.jpg?resize=1200%2C800&amp;ssl=1 1200w, https:\/\/i0.wp.com\/rivalofts.com\/fr\/wp-content\/uploads\/sites\/4\/2020\/01\/riva-loft-eventi-generale-half_0003_team_building.jpg?resize=240%2C160&amp;ssl=1 240w, https:\/\/i0.wp.com\/rivalofts.com\/fr\/wp-content\/uploads\/sites\/4\/2020\/01\/riva-loft-eventi-generale-half_0003_team_building.jpg?resize=1366%2C911&amp;ssl=1 1366w, https:\/\/i0.wp.com\/rivalofts.com\/fr\/wp-content\/uploads\/sites\/4\/2020\/01\/riva-loft-eventi-generale-half_0003_team_building.jpg?w=1500&amp;ssl=1 1500w\" sizes=\"(max-width: 1024px) 100vw, 1024px\" \/><\/figure><\/div>\n\n\n\n<div class=\"wp-block-media-text alignfull has-media-on-the-right is-stacked-on-mobile\"><div class=\"wp-block-media-text__content\">\n<h2 class=\"wp-block-heading\">S\u00e9ances photos<\/h2>\n\n\n\n<hr class=\"wp-block-separator has-css-opacity\"\/>\n\n\n\n<p class=\"is-style-subtitle\">Lumi\u00e8re, espaces, atmosph\u00e8re<\/p>\n\n\n\n<div class=\"wp-block-group flickity-item__hover-content\"><div class=\"wp-block-group__inner-container is-layout-flow wp-block-group-is-layout-flow\">\n<p>Riva Lofts est le lieu id\u00e9al pour les s\u00e9ances de photos (mode, design et autre) et pour les productions cin\u00e9matographiques et vid\u00e9o.<\/p>\n\n\n\n<div style=\"height:20px\" aria-hidden=\"true\" class=\"wp-block-spacer\"><\/div>\n\n\n\n<div class=\"wp-block-button is-style-right-arrow is-animated\"><a class=\"wp-block-button__link wp-element-button\" href=\"\/fr\/evenements\/seances-photos-a-riva-lofts\/\">D\u00e9couvrez davantage<\/a><\/div>\n<\/div><\/div>\n<\/div><figure class=\"wp-block-media-text__media\"><img data-recalc-dims=\"1\" loading=\"lazy\" decoding=\"async\" width=\"1024\" height=\"683\" src=\"https:\/\/i0.wp.com\/rivalofts.com\/wp-content\/uploads\/2020\/02\/riva-lofts-mg_half_0004_02fin_hr_2015-12-30_RIVA_ph.Claudio-Nardi-Architects-5-1024x683.jpg?resize=1024%2C683&#038;ssl=1\" alt=\"\" class=\"wp-image-631 size-full\" srcset=\"https:\/\/i0.wp.com\/rivalofts.com\/fr\/wp-content\/uploads\/sites\/4\/2020\/02\/riva-lofts-mg_half_0004_02fin_hr_2015-12-30_RIVA_ph.Claudio-Nardi-Architects-5.jpg?resize=1024%2C683&amp;ssl=1 1024w, https:\/\/i0.wp.com\/rivalofts.com\/fr\/wp-content\/uploads\/sites\/4\/2020\/02\/riva-lofts-mg_half_0004_02fin_hr_2015-12-30_RIVA_ph.Claudio-Nardi-Architects-5.jpg?resize=620%2C413&amp;ssl=1 620w, https:\/\/i0.wp.com\/rivalofts.com\/fr\/wp-content\/uploads\/sites\/4\/2020\/02\/riva-lofts-mg_half_0004_02fin_hr_2015-12-30_RIVA_ph.Claudio-Nardi-Architects-5.jpg?resize=1280%2C853&amp;ssl=1 1280w, https:\/\/i0.wp.com\/rivalofts.com\/fr\/wp-content\/uploads\/sites\/4\/2020\/02\/riva-lofts-mg_half_0004_02fin_hr_2015-12-30_RIVA_ph.Claudio-Nardi-Architects-5.jpg?resize=912%2C608&amp;ssl=1 912w, https:\/\/i0.wp.com\/rivalofts.com\/fr\/wp-content\/uploads\/sites\/4\/2020\/02\/riva-lofts-mg_half_0004_02fin_hr_2015-12-30_RIVA_ph.Claudio-Nardi-Architects-5.jpg?resize=337%2C225&amp;ssl=1 337w, https:\/\/i0.wp.com\/rivalofts.com\/fr\/wp-content\/uploads\/sites\/4\/2020\/02\/riva-lofts-mg_half_0004_02fin_hr_2015-12-30_RIVA_ph.Claudio-Nardi-Architects-5.jpg?resize=300%2C200&amp;ssl=1 300w, https:\/\/i0.wp.com\/rivalofts.com\/fr\/wp-content\/uploads\/sites\/4\/2020\/02\/riva-lofts-mg_half_0004_02fin_hr_2015-12-30_RIVA_ph.Claudio-Nardi-Architects-5.jpg?resize=768%2C512&amp;ssl=1 768w, https:\/\/i0.wp.com\/rivalofts.com\/fr\/wp-content\/uploads\/sites\/4\/2020\/02\/riva-lofts-mg_half_0004_02fin_hr_2015-12-30_RIVA_ph.Claudio-Nardi-Architects-5.jpg?resize=266%2C177&amp;ssl=1 266w, https:\/\/i0.wp.com\/rivalofts.com\/fr\/wp-content\/uploads\/sites\/4\/2020\/02\/riva-lofts-mg_half_0004_02fin_hr_2015-12-30_RIVA_ph.Claudio-Nardi-Architects-5.jpg?resize=400%2C267&amp;ssl=1 400w, https:\/\/i0.wp.com\/rivalofts.com\/fr\/wp-content\/uploads\/sites\/4\/2020\/02\/riva-lofts-mg_half_0004_02fin_hr_2015-12-30_RIVA_ph.Claudio-Nardi-Architects-5.jpg?resize=800%2C533&amp;ssl=1 800w, https:\/\/i0.wp.com\/rivalofts.com\/fr\/wp-content\/uploads\/sites\/4\/2020\/02\/riva-lofts-mg_half_0004_02fin_hr_2015-12-30_RIVA_ph.Claudio-Nardi-Architects-5.jpg?resize=480%2C320&amp;ssl=1 480w, https:\/\/i0.wp.com\/rivalofts.com\/fr\/wp-content\/uploads\/sites\/4\/2020\/02\/riva-lofts-mg_half_0004_02fin_hr_2015-12-30_RIVA_ph.Claudio-Nardi-Architects-5.jpg?resize=600%2C400&amp;ssl=1 600w, https:\/\/i0.wp.com\/rivalofts.com\/fr\/wp-content\/uploads\/sites\/4\/2020\/02\/riva-lofts-mg_half_0004_02fin_hr_2015-12-30_RIVA_ph.Claudio-Nardi-Architects-5.jpg?resize=900%2C600&amp;ssl=1 900w, https:\/\/i0.wp.com\/rivalofts.com\/fr\/wp-content\/uploads\/sites\/4\/2020\/02\/riva-lofts-mg_half_0004_02fin_hr_2015-12-30_RIVA_ph.Claudio-Nardi-Architects-5.jpg?resize=1200%2C800&amp;ssl=1 1200w, https:\/\/i0.wp.com\/rivalofts.com\/fr\/wp-content\/uploads\/sites\/4\/2020\/02\/riva-lofts-mg_half_0004_02fin_hr_2015-12-30_RIVA_ph.Claudio-Nardi-Architects-5.jpg?resize=240%2C160&amp;ssl=1 240w, https:\/\/i0.wp.com\/rivalofts.com\/fr\/wp-content\/uploads\/sites\/4\/2020\/02\/riva-lofts-mg_half_0004_02fin_hr_2015-12-30_RIVA_ph.Claudio-Nardi-Architects-5.jpg?resize=1366%2C911&amp;ssl=1 1366w, https:\/\/i0.wp.com\/rivalofts.com\/fr\/wp-content\/uploads\/sites\/4\/2020\/02\/riva-lofts-mg_half_0004_02fin_hr_2015-12-30_RIVA_ph.Claudio-Nardi-Architects-5.jpg?w=1500&amp;ssl=1 1500w\" sizes=\"(max-width: 1024px) 100vw, 1024px\" \/><\/figure><\/div>\n<\/div><\/div>\n","protected":false},"excerpt":{"rendered":"<p>Meetings et Entreprises Des solutions sur mesure Si vous \u00eates \u00e0 la recherche d\u2019un lieu particulier pour motiver et remercier vos managers, consolider et am\u00e9liorer les relations au sein de votre \u00e9quipe ou pour rencontrer la presse, Riva Lofts offre des solutions sur mesure pour chaque exigence. S\u00e9ances photos Lumi\u00e8re, espaces, atmosph\u00e8re Riva Lofts est [&hellip;]<\/p>\n","protected":false},"author":1,"featured_media":0,"parent":0,"menu_order":0,"comment_status":"closed","ping_status":"closed","template":"","meta":{"footnotes":""},"class_list":["post-15","page","type-page","status-publish","hentry"],"yoast_head":"<!-- This site is optimized with the Yoast SEO plugin v23.6 - https:\/\/yoast.com\/wordpress\/plugins\/seo\/ -->\n<title>\u00c9v\u00e8nements - Riva Loft (FR)<\/title>\n<meta name=\"description\" content=\"A Riva Lofts si sono svolti matrimoni, meeting aziendali, shooting fotografici ed eventi privati di qualsiasi tipo. Richiedi maggiori informazioni...\" \/>\n<meta name=\"robots\" content=\"index, follow, max-snippet:-1, max-image-preview:large, max-video-preview:-1\" \/>\n<link rel=\"canonical\" href=\"https:\/\/rivalofts.com\/fr\/evenements\/\" \/>\n<meta property=\"og:locale\" content=\"en_US\" \/>\n<meta property=\"og:type\" content=\"article\" \/>\n<meta property=\"og:title\" content=\"\u00c9v\u00e8nements - Riva Loft (FR)\" \/>\n<meta property=\"og:description\" content=\"A Riva Lofts si sono svolti matrimoni, meeting aziendali, shooting fotografici ed eventi privati di qualsiasi tipo. Richiedi maggiori informazioni...\" \/>\n<meta property=\"og:url\" content=\"https:\/\/rivalofts.com\/fr\/evenements\/\" \/>\n<meta property=\"og:site_name\" content=\"Riva Loft (FR)\" \/>\n<meta property=\"article:modified_time\" content=\"2024-09-05T08:04:29+00:00\" \/>\n<meta property=\"og:image\" content=\"https:\/\/rivalofts.com\/wp-content\/uploads\/2020\/02\/riva-loft-eventi-intestazione-2560x1280.jpg\" \/>\n<meta name=\"twitter:card\" content=\"summary_large_image\" \/>\n<meta name=\"twitter:label1\" content=\"Est. reading time\" \/>\n\t<meta name=\"twitter:data1\" content=\"2 minutes\" \/>\n<script type=\"application\/ld+json\" class=\"yoast-schema-graph\">{\"@context\":\"https:\/\/schema.org\",\"@graph\":[{\"@type\":\"WebPage\",\"@id\":\"https:\/\/rivalofts.com\/fr\/evenements\/\",\"url\":\"https:\/\/rivalofts.com\/fr\/evenements\/\",\"name\":\"\u00c9v\u00e8nements - Riva Loft (FR)\",\"isPartOf\":{\"@id\":\"https:\/\/rivalofts.com\/fr\/#website\"},\"primaryImageOfPage\":{\"@id\":\"https:\/\/rivalofts.com\/fr\/evenements\/#primaryimage\"},\"image\":{\"@id\":\"https:\/\/rivalofts.com\/fr\/evenements\/#primaryimage\"},\"thumbnailUrl\":\"https:\/\/rivalofts.com\/wp-content\/uploads\/2020\/02\/riva-loft-eventi-intestazione-2560x1280.jpg\",\"datePublished\":\"2020-01-28T09:19:45+00:00\",\"dateModified\":\"2024-09-05T08:04:29+00:00\",\"description\":\"A Riva Lofts si sono svolti matrimoni, meeting aziendali, shooting fotografici ed eventi privati di qualsiasi tipo. Richiedi maggiori informazioni...\",\"breadcrumb\":{\"@id\":\"https:\/\/rivalofts.com\/fr\/evenements\/#breadcrumb\"},\"inLanguage\":\"en-US\",\"potentialAction\":[{\"@type\":\"ReadAction\",\"target\":[\"https:\/\/rivalofts.com\/fr\/evenements\/\"]}]},{\"@type\":\"ImageObject\",\"inLanguage\":\"en-US\",\"@id\":\"https:\/\/rivalofts.com\/fr\/evenements\/#primaryimage\",\"url\":\"https:\/\/rivalofts.com\/wp-content\/uploads\/2020\/02\/riva-loft-eventi-intestazione-2560x1280.jpg\",\"contentUrl\":\"https:\/\/rivalofts.com\/wp-content\/uploads\/2020\/02\/riva-loft-eventi-intestazione-2560x1280.jpg\"},{\"@type\":\"BreadcrumbList\",\"@id\":\"https:\/\/rivalofts.com\/fr\/evenements\/#breadcrumb\",\"itemListElement\":[{\"@type\":\"ListItem\",\"position\":1,\"name\":\"Home\",\"item\":\"https:\/\/rivalofts.com\/fr\/\"},{\"@type\":\"ListItem\",\"position\":2,\"name\":\"\u00c9v\u00e8nements\"}]},{\"@type\":\"WebSite\",\"@id\":\"https:\/\/rivalofts.com\/fr\/#website\",\"url\":\"https:\/\/rivalofts.com\/fr\/\",\"name\":\"Riva Loft (FR)\",\"description\":\"Enjoy a romantic getaway\",\"publisher\":{\"@id\":\"https:\/\/rivalofts.com\/fr\/#organization\"},\"potentialAction\":[{\"@type\":\"SearchAction\",\"target\":{\"@type\":\"EntryPoint\",\"urlTemplate\":\"https:\/\/rivalofts.com\/fr\/?s={search_term_string}\"},\"query-input\":{\"@type\":\"PropertyValueSpecification\",\"valueRequired\":true,\"valueName\":\"search_term_string\"}}],\"inLanguage\":\"en-US\"},{\"@type\":\"Organization\",\"@id\":\"https:\/\/rivalofts.com\/fr\/#organization\",\"name\":\"Riva Loft (FR)\",\"url\":\"https:\/\/rivalofts.com\/fr\/\",\"logo\":{\"@type\":\"ImageObject\",\"inLanguage\":\"en-US\",\"@id\":\"https:\/\/rivalofts.com\/fr\/#\/schema\/logo\/image\/\",\"url\":\"https:\/\/rivalofts.com\/fr\/wp-content\/uploads\/sites\/4\/2020\/02\/riva-lofts-logo.svg\",\"contentUrl\":\"https:\/\/rivalofts.com\/fr\/wp-content\/uploads\/sites\/4\/2020\/02\/riva-lofts-logo.svg\",\"width\":396,\"height\":85,\"caption\":\"Riva Loft (FR)\"},\"image\":{\"@id\":\"https:\/\/rivalofts.com\/fr\/#\/schema\/logo\/image\/\"}}]}<\/script>\n<!-- \/ Yoast SEO plugin. -->","yoast_head_json":{"title":"\u00c9v\u00e8nements - Riva Loft (FR)","description":"A Riva Lofts si sono svolti matrimoni, meeting aziendali, shooting fotografici ed eventi privati di qualsiasi tipo. Richiedi maggiori informazioni...","robots":{"index":"index","follow":"follow","max-snippet":"max-snippet:-1","max-image-preview":"max-image-preview:large","max-video-preview":"max-video-preview:-1"},"canonical":"https:\/\/rivalofts.com\/fr\/evenements\/","og_locale":"en_US","og_type":"article","og_title":"\u00c9v\u00e8nements - Riva Loft (FR)","og_description":"A Riva Lofts si sono svolti matrimoni, meeting aziendali, shooting fotografici ed eventi privati di qualsiasi tipo. Richiedi maggiori informazioni...","og_url":"https:\/\/rivalofts.com\/fr\/evenements\/","og_site_name":"Riva Loft (FR)","article_modified_time":"2024-09-05T08:04:29+00:00","og_image":[{"url":"https:\/\/rivalofts.com\/wp-content\/uploads\/2020\/02\/riva-loft-eventi-intestazione-2560x1280.jpg"}],"twitter_card":"summary_large_image","twitter_misc":{"Est. reading time":"2 minutes"},"schema":{"@context":"https:\/\/schema.org","@graph":[{"@type":"WebPage","@id":"https:\/\/rivalofts.com\/fr\/evenements\/","url":"https:\/\/rivalofts.com\/fr\/evenements\/","name":"\u00c9v\u00e8nements - Riva Loft (FR)","isPartOf":{"@id":"https:\/\/rivalofts.com\/fr\/#website"},"primaryImageOfPage":{"@id":"https:\/\/rivalofts.com\/fr\/evenements\/#primaryimage"},"image":{"@id":"https:\/\/rivalofts.com\/fr\/evenements\/#primaryimage"},"thumbnailUrl":"https:\/\/rivalofts.com\/wp-content\/uploads\/2020\/02\/riva-loft-eventi-intestazione-2560x1280.jpg","datePublished":"2020-01-28T09:19:45+00:00","dateModified":"2024-09-05T08:04:29+00:00","description":"A Riva Lofts si sono svolti matrimoni, meeting aziendali, shooting fotografici ed eventi privati di qualsiasi tipo. Richiedi maggiori informazioni...","breadcrumb":{"@id":"https:\/\/rivalofts.com\/fr\/evenements\/#breadcrumb"},"inLanguage":"en-US","potentialAction":[{"@type":"ReadAction","target":["https:\/\/rivalofts.com\/fr\/evenements\/"]}]},{"@type":"ImageObject","inLanguage":"en-US","@id":"https:\/\/rivalofts.com\/fr\/evenements\/#primaryimage","url":"https:\/\/rivalofts.com\/wp-content\/uploads\/2020\/02\/riva-loft-eventi-intestazione-2560x1280.jpg","contentUrl":"https:\/\/rivalofts.com\/wp-content\/uploads\/2020\/02\/riva-loft-eventi-intestazione-2560x1280.jpg"},{"@type":"BreadcrumbList","@id":"https:\/\/rivalofts.com\/fr\/evenements\/#breadcrumb","itemListElement":[{"@type":"ListItem","position":1,"name":"Home","item":"https:\/\/rivalofts.com\/fr\/"},{"@type":"ListItem","position":2,"name":"\u00c9v\u00e8nements"}]},{"@type":"WebSite","@id":"https:\/\/rivalofts.com\/fr\/#website","url":"https:\/\/rivalofts.com\/fr\/","name":"Riva Loft (FR)","description":"Enjoy a romantic getaway","publisher":{"@id":"https:\/\/rivalofts.com\/fr\/#organization"},"potentialAction":[{"@type":"SearchAction","target":{"@type":"EntryPoint","urlTemplate":"https:\/\/rivalofts.com\/fr\/?s={search_term_string}"},"query-input":{"@type":"PropertyValueSpecification","valueRequired":true,"valueName":"search_term_string"}}],"inLanguage":"en-US"},{"@type":"Organization","@id":"https:\/\/rivalofts.com\/fr\/#organization","name":"Riva Loft (FR)","url":"https:\/\/rivalofts.com\/fr\/","logo":{"@type":"ImageObject","inLanguage":"en-US","@id":"https:\/\/rivalofts.com\/fr\/#\/schema\/logo\/image\/","url":"https:\/\/rivalofts.com\/fr\/wp-content\/uploads\/sites\/4\/2020\/02\/riva-lofts-logo.svg","contentUrl":"https:\/\/rivalofts.com\/fr\/wp-content\/uploads\/sites\/4\/2020\/02\/riva-lofts-logo.svg","width":396,"height":85,"caption":"Riva Loft (FR)"},"image":{"@id":"https:\/\/rivalofts.com\/fr\/#\/schema\/logo\/image\/"}}]}},"jetpack_sharing_enabled":true,"_links":{"self":[{"href":"https:\/\/rivalofts.com\/fr\/wp-json\/wp\/v2\/pages\/15"}],"collection":[{"href":"https:\/\/rivalofts.com\/fr\/wp-json\/wp\/v2\/pages"}],"about":[{"href":"https:\/\/rivalofts.com\/fr\/wp-json\/wp\/v2\/types\/page"}],"author":[{"embeddable":true,"href":"https:\/\/rivalofts.com\/fr\/wp-json\/wp\/v2\/users\/1"}],"replies":[{"embeddable":true,"href":"https:\/\/rivalofts.com\/fr\/wp-json\/wp\/v2\/comments?post=15"}],"version-history":[{"count":34,"href":"https:\/\/rivalofts.com\/fr\/wp-json\/wp\/v2\/pages\/15\/revisions"}],"predecessor-version":[{"id":2359,"href":"https:\/\/rivalofts.com\/fr\/wp-json\/wp\/v2\/pages\/15\/revisions\/2359"}],"wp:attachment":[{"href":"https:\/\/rivalofts.com\/fr\/wp-json\/wp\/v2\/media?parent=15"}],"curies":[{"name":"wp","href":"https:\/\/api.w.org\/{rel}","templated":true}]}}