{"id":199,"date":"2020-01-28T15:33:07","date_gmt":"2020-01-28T14:33:07","guid":{"rendered":"https:\/\/riva-lofts.appspot.com\/?page_id=199"},"modified":"2023-04-18T14:12:18","modified_gmt":"2023-04-18T12:12:18","slug":"culture-loisirs","status":"publish","type":"page","link":"https:\/\/rivalofts.com\/fr\/experiences\/culture-loisirs\/","title":{"rendered":"Wellness &#038; Relax"},"content":{"rendered":"\n<figure class=\"wp-block-image alignfull size-large\"><img data-recalc-dims=\"1\" loading=\"lazy\" decoding=\"async\" width=\"1280\" height=\"416\" src=\"https:\/\/i0.wp.com\/rivalofts.com\/fr\/wp-content\/uploads\/sites\/4\/2023\/04\/copertina.jpg?resize=1280%2C416&#038;ssl=1\" alt=\"\" class=\"wp-image-2233\" srcset=\"https:\/\/i0.wp.com\/rivalofts.com\/fr\/wp-content\/uploads\/sites\/4\/2023\/04\/copertina.jpg?resize=1280%2C416&amp;ssl=1 1280w, https:\/\/i0.wp.com\/rivalofts.com\/fr\/wp-content\/uploads\/sites\/4\/2023\/04\/copertina.jpg?resize=620%2C202&amp;ssl=1 620w, https:\/\/i0.wp.com\/rivalofts.com\/fr\/wp-content\/uploads\/sites\/4\/2023\/04\/copertina.jpg?resize=912%2C296&amp;ssl=1 912w, https:\/\/i0.wp.com\/rivalofts.com\/fr\/wp-content\/uploads\/sites\/4\/2023\/04\/copertina.jpg?resize=1536%2C499&amp;ssl=1 1536w, https:\/\/i0.wp.com\/rivalofts.com\/fr\/wp-content\/uploads\/sites\/4\/2023\/04\/copertina.jpg?resize=337%2C110&amp;ssl=1 337w, https:\/\/i0.wp.com\/rivalofts.com\/fr\/wp-content\/uploads\/sites\/4\/2023\/04\/copertina.jpg?w=2000&amp;ssl=1 2000w\" sizes=\"(max-width: 1440px) 100vw, 1250px\" \/><\/figure>\n\n\n\n<div style=\"height:20px\" aria-hidden=\"true\" class=\"wp-block-spacer\"><\/div>\n\n\n\n<h1 class=\"wp-block-heading\">Wellness &amp; Relax<\/h1>\n\n\n\n<hr class=\"wp-block-separator has-css-opacity\"\/>\n\n\n\n<div style=\"height:30px\" aria-hidden=\"true\" class=\"wp-block-spacer\"><\/div>\n\n\n\n<div class=\"wp-block-media-text alignfull is-stacked-on-mobile has-background has-light-gray-background-color\"><figure class=\"wp-block-media-text__media\"><img data-recalc-dims=\"1\" loading=\"lazy\" decoding=\"async\" width=\"1280\" height=\"896\" src=\"https:\/\/i0.wp.com\/rivalofts.com\/fr\/wp-content\/uploads\/sites\/4\/2023\/04\/massaggio-gambe.jpg?resize=1280%2C896&#038;ssl=1\" alt=\"\" class=\"wp-image-2230 size-full\" srcset=\"https:\/\/i0.wp.com\/rivalofts.com\/fr\/wp-content\/uploads\/sites\/4\/2023\/04\/massaggio-gambe.jpg?resize=1280%2C896&amp;ssl=1 1280w, https:\/\/i0.wp.com\/rivalofts.com\/fr\/wp-content\/uploads\/sites\/4\/2023\/04\/massaggio-gambe.jpg?resize=593%2C415&amp;ssl=1 593w, https:\/\/i0.wp.com\/rivalofts.com\/fr\/wp-content\/uploads\/sites\/4\/2023\/04\/massaggio-gambe.jpg?resize=912%2C638&amp;ssl=1 912w, https:\/\/i0.wp.com\/rivalofts.com\/fr\/wp-content\/uploads\/sites\/4\/2023\/04\/massaggio-gambe.jpg?resize=1536%2C1075&amp;ssl=1 1536w, https:\/\/i0.wp.com\/rivalofts.com\/fr\/wp-content\/uploads\/sites\/4\/2023\/04\/massaggio-gambe.jpg?resize=337%2C236&amp;ssl=1 337w, https:\/\/i0.wp.com\/rivalofts.com\/fr\/wp-content\/uploads\/sites\/4\/2023\/04\/massaggio-gambe.jpg?w=2000&amp;ssl=1 2000w\" sizes=\"(max-width: 1440px) 100vw, 1250px\" \/><\/figure><div class=\"wp-block-media-text__content\">\n<h2 class=\"wp-block-heading\">Un rituel anti-stress<\/h2>\n\n\n\n<p>Un massage apaisant du corps est id\u00e9al apr\u00e8s un long voyage. R\u00e9active le corps gr\u00e2ce aux substances fonctionnelles contenues dans les huiles et redonne de la souplesse au corps et soulage les tensions \u00e9motionnelles et physiques. Profond\u00e9ment apaisante, elle d\u00e9tend le syst\u00e8me nerveux et lib\u00e8re les blocages \u00e9motionnels, rappelle un profond sentiment de force et r\u00e9tablit l&#8217;\u00e9quilibre int\u00e9rieur.<\/p>\n\n\n\n<hr class=\"wp-block-separator has-css-opacity\"\/>\n<\/div><\/div>\n\n\n\n<h2 class=\"has-text-align-center wp-block-heading\">\u00c9crivez-nous<\/h2>\n\n\n\n<hr class=\"wp-block-separator\"\/>\n\n\n\n<div class=\"wp-block-hubspot-form\" id=\"form_cbe92f0a-de6e-496b-96fb-92840276d99f\"><div class=\"wp-block-hubspot-form__form\" data-portal-id=\"7195204\" data-form-id=\"eab58956-9735-435d-adc7-ae953425cceb\" data-custom-css=\"1\"><\/div><\/div>\n\n\n\n<div style=\"height:20px\" aria-hidden=\"true\" class=\"wp-block-spacer\"><\/div>\n\n\n\n<h2 class=\"wp-block-heading\">ALTRE ESPERIENZE<\/h2>\n\n\n\n<hr class=\"wp-block-separator has-css-opacity\"\/>\n\n\n\n<div style=\"height:30px\" aria-hidden=\"true\" class=\"wp-block-spacer\"><\/div>\n\n\n\n<div class=\"wp-block-svbk-grid has-2-columns has-1-columns-mobile has-equal-cell-height\">\n<div class=\"wp-block-svbk-card\"><figure class=\"wp-block-svbk-card__picture\"><img data-recalc-dims=\"1\" loading=\"lazy\" decoding=\"async\" width=\"620\" height=\"413\" src=\"https:\/\/i0.wp.com\/rivalofts.com\/wp-content\/uploads\/2020\/02\/riva-lofts-esperienze-half_0001_FoodWine-1-620x413.jpg?resize=620%2C413&#038;ssl=1\" alt=\"\" class=\"wp-image-1850\" srcset=\"https:\/\/i0.wp.com\/rivalofts.com\/fr\/wp-content\/uploads\/sites\/4\/2020\/02\/riva-lofts-esperienze-half_0001_FoodWine-1.jpg?resize=620%2C413&amp;ssl=1 620w, https:\/\/i0.wp.com\/rivalofts.com\/fr\/wp-content\/uploads\/sites\/4\/2020\/02\/riva-lofts-esperienze-half_0001_FoodWine-1.jpg?resize=1280%2C853&amp;ssl=1 1280w, https:\/\/i0.wp.com\/rivalofts.com\/fr\/wp-content\/uploads\/sites\/4\/2020\/02\/riva-lofts-esperienze-half_0001_FoodWine-1.jpg?resize=400%2C265&amp;ssl=1 400w, https:\/\/i0.wp.com\/rivalofts.com\/fr\/wp-content\/uploads\/sites\/4\/2020\/02\/riva-lofts-esperienze-half_0001_FoodWine-1.jpg?resize=912%2C608&amp;ssl=1 912w, https:\/\/i0.wp.com\/rivalofts.com\/fr\/wp-content\/uploads\/sites\/4\/2020\/02\/riva-lofts-esperienze-half_0001_FoodWine-1.jpg?resize=337%2C225&amp;ssl=1 337w, https:\/\/i0.wp.com\/rivalofts.com\/fr\/wp-content\/uploads\/sites\/4\/2020\/02\/riva-lofts-esperienze-half_0001_FoodWine-1.jpg?w=1500&amp;ssl=1 1500w\" sizes=\"(max-width: 620px) 100vw, 620px\" \/><\/figure><h3 class=\"wp-block-svbk-card__title\">Food &#038; Wine<\/h3><p class=\"wp-block-svbk-card__subtitle\">Profumi e sapori selezionati<\/p><div class=\"wp-block-svbk-card__content\">\n<p>Possiamo darvi consigli utili per gustare a pieno i migliori cibi e vini del territorio.<\/p>\n<\/div><div class=\"wp-block-button wp-block-svbk-card__button\"><a class=\"wp-block-button__link wp-block-svbk-card__link\" href=\"\/esperienze\/food-and-wine\/\">Scopri le attivit\u00e0<\/a><\/div><\/div>\n\n\n\n<div class=\"wp-block-svbk-card\"><figure class=\"wp-block-svbk-card__picture\"><img data-recalc-dims=\"1\" loading=\"lazy\" decoding=\"async\" width=\"620\" height=\"413\" src=\"https:\/\/i0.wp.com\/rivalofts.com\/wp-content\/uploads\/2020\/02\/riva-lofts-esperienze-half_0000_Yoga-1-620x413.jpg?resize=620%2C413&#038;ssl=1\" alt=\"\" class=\"wp-image-1851\" srcset=\"https:\/\/i0.wp.com\/rivalofts.com\/fr\/wp-content\/uploads\/sites\/4\/2020\/02\/riva-lofts-esperienze-half_0000_Yoga-1.jpg?resize=620%2C413&amp;ssl=1 620w, https:\/\/i0.wp.com\/rivalofts.com\/fr\/wp-content\/uploads\/sites\/4\/2020\/02\/riva-lofts-esperienze-half_0000_Yoga-1.jpg?resize=1280%2C853&amp;ssl=1 1280w, https:\/\/i0.wp.com\/rivalofts.com\/fr\/wp-content\/uploads\/sites\/4\/2020\/02\/riva-lofts-esperienze-half_0000_Yoga-1.jpg?resize=400%2C265&amp;ssl=1 400w, https:\/\/i0.wp.com\/rivalofts.com\/fr\/wp-content\/uploads\/sites\/4\/2020\/02\/riva-lofts-esperienze-half_0000_Yoga-1.jpg?resize=912%2C608&amp;ssl=1 912w, https:\/\/i0.wp.com\/rivalofts.com\/fr\/wp-content\/uploads\/sites\/4\/2020\/02\/riva-lofts-esperienze-half_0000_Yoga-1.jpg?resize=337%2C225&amp;ssl=1 337w, https:\/\/i0.wp.com\/rivalofts.com\/fr\/wp-content\/uploads\/sites\/4\/2020\/02\/riva-lofts-esperienze-half_0000_Yoga-1.jpg?w=1500&amp;ssl=1 1500w\" sizes=\"(max-width: 620px) 100vw, 620px\" \/><\/figure><h3 class=\"wp-block-svbk-card__title\">Sport &#038; Wellness<\/h3><p class=\"wp-block-svbk-card__subtitle\">Attivit\u00e0 per ogni desiderio<\/p><div class=\"wp-block-svbk-card__content\">\n<p>A coloro che soggiornano a Riva Lofts e amano praticare sport anche in vacanza siamo pronti a offrire il nostro supporto con i migliori consigli.<\/p>\n<\/div><div class=\"wp-block-button wp-block-svbk-card__button\"><a class=\"wp-block-button__link wp-block-svbk-card__link\" href=\"\/esperienze\/sport-e-benessere\/\">Scopri le attivit\u00e0<\/a><\/div><\/div>\n<\/div>\n\n\n\n<div style=\"height:30px\" aria-hidden=\"true\" class=\"wp-block-spacer\"><\/div>\n","protected":false},"excerpt":{"rendered":"<p>Wellness &amp; Relax ALTRE ESPERIENZE<\/p>\n","protected":false},"author":5,"featured_media":0,"parent":21,"menu_order":0,"comment_status":"closed","ping_status":"closed","template":"","meta":{"footnotes":""},"class_list":["post-199","page","type-page","status-publish","hentry"],"yoast_head":"<!-- This site is optimized with the Yoast SEO plugin v23.6 - https:\/\/yoast.com\/wordpress\/plugins\/seo\/ -->\n<title>Wellness &amp; Relax - Riva Loft (FR)<\/title>\n<meta name=\"description\" content=\"Lo staff Riva Lofts ha selezionato per te una serie di esperienze culturali uniche da vivere, per farti conoscere la Firenze pi\u00f9 bella e autentica.\" \/>\n<meta name=\"robots\" content=\"index, follow, max-snippet:-1, max-image-preview:large, max-video-preview:-1\" \/>\n<link rel=\"canonical\" href=\"https:\/\/rivalofts.com\/fr\/experiences\/culture-loisirs\/\" \/>\n<meta property=\"og:locale\" content=\"en_US\" \/>\n<meta property=\"og:type\" content=\"article\" \/>\n<meta property=\"og:title\" content=\"Wellness &amp; Relax - Riva Loft (FR)\" \/>\n<meta property=\"og:description\" content=\"Lo staff Riva Lofts ha selezionato per te una serie di esperienze culturali uniche da vivere, per farti conoscere la Firenze pi\u00f9 bella e autentica.\" \/>\n<meta property=\"og:url\" content=\"https:\/\/rivalofts.com\/fr\/experiences\/culture-loisirs\/\" \/>\n<meta property=\"og:site_name\" content=\"Riva Loft (FR)\" \/>\n<meta property=\"article:modified_time\" content=\"2023-04-18T12:12:18+00:00\" \/>\n<meta property=\"og:image\" content=\"https:\/\/rivalofts.com\/fr\/wp-content\/uploads\/sites\/4\/2023\/04\/copertina-1280x416.jpg\" \/>\n<meta name=\"twitter:card\" content=\"summary_large_image\" \/>\n<meta name=\"twitter:label1\" content=\"Est. reading time\" \/>\n\t<meta name=\"twitter:data1\" content=\"2 minutes\" \/>\n<script type=\"application\/ld+json\" class=\"yoast-schema-graph\">{\"@context\":\"https:\/\/schema.org\",\"@graph\":[{\"@type\":\"WebPage\",\"@id\":\"https:\/\/rivalofts.com\/fr\/experiences\/culture-loisirs\/\",\"url\":\"https:\/\/rivalofts.com\/fr\/experiences\/culture-loisirs\/\",\"name\":\"Wellness & Relax - Riva Loft (FR)\",\"isPartOf\":{\"@id\":\"https:\/\/rivalofts.com\/fr\/#website\"},\"primaryImageOfPage\":{\"@id\":\"https:\/\/rivalofts.com\/fr\/experiences\/culture-loisirs\/#primaryimage\"},\"image\":{\"@id\":\"https:\/\/rivalofts.com\/fr\/experiences\/culture-loisirs\/#primaryimage\"},\"thumbnailUrl\":\"https:\/\/rivalofts.com\/fr\/wp-content\/uploads\/sites\/4\/2023\/04\/copertina-1280x416.jpg\",\"datePublished\":\"2020-01-28T14:33:07+00:00\",\"dateModified\":\"2023-04-18T12:12:18+00:00\",\"description\":\"Lo staff Riva Lofts ha selezionato per te una serie di esperienze culturali uniche da vivere, per farti conoscere la Firenze pi\u00f9 bella e autentica.\",\"breadcrumb\":{\"@id\":\"https:\/\/rivalofts.com\/fr\/experiences\/culture-loisirs\/#breadcrumb\"},\"inLanguage\":\"en-US\",\"potentialAction\":[{\"@type\":\"ReadAction\",\"target\":[\"https:\/\/rivalofts.com\/fr\/experiences\/culture-loisirs\/\"]}]},{\"@type\":\"ImageObject\",\"inLanguage\":\"en-US\",\"@id\":\"https:\/\/rivalofts.com\/fr\/experiences\/culture-loisirs\/#primaryimage\",\"url\":\"https:\/\/i0.wp.com\/rivalofts.com\/fr\/wp-content\/uploads\/sites\/4\/2023\/04\/copertina.jpg?fit=2000%2C650&ssl=1\",\"contentUrl\":\"https:\/\/i0.wp.com\/rivalofts.com\/fr\/wp-content\/uploads\/sites\/4\/2023\/04\/copertina.jpg?fit=2000%2C650&ssl=1\",\"width\":2000,\"height\":650},{\"@type\":\"BreadcrumbList\",\"@id\":\"https:\/\/rivalofts.com\/fr\/experiences\/culture-loisirs\/#breadcrumb\",\"itemListElement\":[{\"@type\":\"ListItem\",\"position\":1,\"name\":\"Home\",\"item\":\"https:\/\/rivalofts.com\/fr\/\"},{\"@type\":\"ListItem\",\"position\":2,\"name\":\"Exp\u00e9riences\",\"item\":\"https:\/\/rivalofts.com\/fr\/?page_id=21\"},{\"@type\":\"ListItem\",\"position\":3,\"name\":\"Wellness &#038; Relax\"}]},{\"@type\":\"WebSite\",\"@id\":\"https:\/\/rivalofts.com\/fr\/#website\",\"url\":\"https:\/\/rivalofts.com\/fr\/\",\"name\":\"Riva Loft (FR)\",\"description\":\"Enjoy a romantic getaway\",\"publisher\":{\"@id\":\"https:\/\/rivalofts.com\/fr\/#organization\"},\"potentialAction\":[{\"@type\":\"SearchAction\",\"target\":{\"@type\":\"EntryPoint\",\"urlTemplate\":\"https:\/\/rivalofts.com\/fr\/?s={search_term_string}\"},\"query-input\":{\"@type\":\"PropertyValueSpecification\",\"valueRequired\":true,\"valueName\":\"search_term_string\"}}],\"inLanguage\":\"en-US\"},{\"@type\":\"Organization\",\"@id\":\"https:\/\/rivalofts.com\/fr\/#organization\",\"name\":\"Riva Loft (FR)\",\"url\":\"https:\/\/rivalofts.com\/fr\/\",\"logo\":{\"@type\":\"ImageObject\",\"inLanguage\":\"en-US\",\"@id\":\"https:\/\/rivalofts.com\/fr\/#\/schema\/logo\/image\/\",\"url\":\"https:\/\/rivalofts.com\/fr\/wp-content\/uploads\/sites\/4\/2020\/02\/riva-lofts-logo.svg\",\"contentUrl\":\"https:\/\/rivalofts.com\/fr\/wp-content\/uploads\/sites\/4\/2020\/02\/riva-lofts-logo.svg\",\"width\":396,\"height\":85,\"caption\":\"Riva Loft (FR)\"},\"image\":{\"@id\":\"https:\/\/rivalofts.com\/fr\/#\/schema\/logo\/image\/\"}}]}<\/script>\n<!-- \/ Yoast SEO plugin. -->","yoast_head_json":{"title":"Wellness & Relax - Riva Loft (FR)","description":"Lo staff Riva Lofts ha selezionato per te una serie di esperienze culturali uniche da vivere, per farti conoscere la Firenze pi\u00f9 bella e autentica.","robots":{"index":"index","follow":"follow","max-snippet":"max-snippet:-1","max-image-preview":"max-image-preview:large","max-video-preview":"max-video-preview:-1"},"canonical":"https:\/\/rivalofts.com\/fr\/experiences\/culture-loisirs\/","og_locale":"en_US","og_type":"article","og_title":"Wellness & Relax - Riva Loft (FR)","og_description":"Lo staff Riva Lofts ha selezionato per te una serie di esperienze culturali uniche da vivere, per farti conoscere la Firenze pi\u00f9 bella e autentica.","og_url":"https:\/\/rivalofts.com\/fr\/experiences\/culture-loisirs\/","og_site_name":"Riva Loft (FR)","article_modified_time":"2023-04-18T12:12:18+00:00","og_image":[{"url":"https:\/\/rivalofts.com\/fr\/wp-content\/uploads\/sites\/4\/2023\/04\/copertina-1280x416.jpg"}],"twitter_card":"summary_large_image","twitter_misc":{"Est. reading time":"2 minutes"},"schema":{"@context":"https:\/\/schema.org","@graph":[{"@type":"WebPage","@id":"https:\/\/rivalofts.com\/fr\/experiences\/culture-loisirs\/","url":"https:\/\/rivalofts.com\/fr\/experiences\/culture-loisirs\/","name":"Wellness & Relax - Riva Loft (FR)","isPartOf":{"@id":"https:\/\/rivalofts.com\/fr\/#website"},"primaryImageOfPage":{"@id":"https:\/\/rivalofts.com\/fr\/experiences\/culture-loisirs\/#primaryimage"},"image":{"@id":"https:\/\/rivalofts.com\/fr\/experiences\/culture-loisirs\/#primaryimage"},"thumbnailUrl":"https:\/\/rivalofts.com\/fr\/wp-content\/uploads\/sites\/4\/2023\/04\/copertina-1280x416.jpg","datePublished":"2020-01-28T14:33:07+00:00","dateModified":"2023-04-18T12:12:18+00:00","description":"Lo staff Riva Lofts ha selezionato per te una serie di esperienze culturali uniche da vivere, per farti conoscere la Firenze pi\u00f9 bella e autentica.","breadcrumb":{"@id":"https:\/\/rivalofts.com\/fr\/experiences\/culture-loisirs\/#breadcrumb"},"inLanguage":"en-US","potentialAction":[{"@type":"ReadAction","target":["https:\/\/rivalofts.com\/fr\/experiences\/culture-loisirs\/"]}]},{"@type":"ImageObject","inLanguage":"en-US","@id":"https:\/\/rivalofts.com\/fr\/experiences\/culture-loisirs\/#primaryimage","url":"https:\/\/i0.wp.com\/rivalofts.com\/fr\/wp-content\/uploads\/sites\/4\/2023\/04\/copertina.jpg?fit=2000%2C650&ssl=1","contentUrl":"https:\/\/i0.wp.com\/rivalofts.com\/fr\/wp-content\/uploads\/sites\/4\/2023\/04\/copertina.jpg?fit=2000%2C650&ssl=1","width":2000,"height":650},{"@type":"BreadcrumbList","@id":"https:\/\/rivalofts.com\/fr\/experiences\/culture-loisirs\/#breadcrumb","itemListElement":[{"@type":"ListItem","position":1,"name":"Home","item":"https:\/\/rivalofts.com\/fr\/"},{"@type":"ListItem","position":2,"name":"Exp\u00e9riences","item":"https:\/\/rivalofts.com\/fr\/?page_id=21"},{"@type":"ListItem","position":3,"name":"Wellness &#038; Relax"}]},{"@type":"WebSite","@id":"https:\/\/rivalofts.com\/fr\/#website","url":"https:\/\/rivalofts.com\/fr\/","name":"Riva Loft (FR)","description":"Enjoy a romantic getaway","publisher":{"@id":"https:\/\/rivalofts.com\/fr\/#organization"},"potentialAction":[{"@type":"SearchAction","target":{"@type":"EntryPoint","urlTemplate":"https:\/\/rivalofts.com\/fr\/?s={search_term_string}"},"query-input":{"@type":"PropertyValueSpecification","valueRequired":true,"valueName":"search_term_string"}}],"inLanguage":"en-US"},{"@type":"Organization","@id":"https:\/\/rivalofts.com\/fr\/#organization","name":"Riva Loft (FR)","url":"https:\/\/rivalofts.com\/fr\/","logo":{"@type":"ImageObject","inLanguage":"en-US","@id":"https:\/\/rivalofts.com\/fr\/#\/schema\/logo\/image\/","url":"https:\/\/rivalofts.com\/fr\/wp-content\/uploads\/sites\/4\/2020\/02\/riva-lofts-logo.svg","contentUrl":"https:\/\/rivalofts.com\/fr\/wp-content\/uploads\/sites\/4\/2020\/02\/riva-lofts-logo.svg","width":396,"height":85,"caption":"Riva Loft (FR)"},"image":{"@id":"https:\/\/rivalofts.com\/fr\/#\/schema\/logo\/image\/"}}]}},"jetpack_sharing_enabled":true,"_links":{"self":[{"href":"https:\/\/rivalofts.com\/fr\/wp-json\/wp\/v2\/pages\/199"}],"collection":[{"href":"https:\/\/rivalofts.com\/fr\/wp-json\/wp\/v2\/pages"}],"about":[{"href":"https:\/\/rivalofts.com\/fr\/wp-json\/wp\/v2\/types\/page"}],"author":[{"embeddable":true,"href":"https:\/\/rivalofts.com\/fr\/wp-json\/wp\/v2\/users\/5"}],"replies":[{"embeddable":true,"href":"https:\/\/rivalofts.com\/fr\/wp-json\/wp\/v2\/comments?post=199"}],"version-history":[{"count":20,"href":"https:\/\/rivalofts.com\/fr\/wp-json\/wp\/v2\/pages\/199\/revisions"}],"predecessor-version":[{"id":2234,"href":"https:\/\/rivalofts.com\/fr\/wp-json\/wp\/v2\/pages\/199\/revisions\/2234"}],"up":[{"embeddable":true,"href":"https:\/\/rivalofts.com\/fr\/wp-json\/wp\/v2\/pages\/21"}],"wp:attachment":[{"href":"https:\/\/rivalofts.com\/fr\/wp-json\/wp\/v2\/media?parent=199"}],"curies":[{"name":"wp","href":"https:\/\/api.w.org\/{rel}","templated":true}]}}