{"id":2095,"date":"2022-07-26T12:53:47","date_gmt":"2022-07-26T10:53:47","guid":{"rendered":"https:\/\/rivalofts.com\/fr\/?page_id=2095"},"modified":"2026-02-05T10:53:44","modified_gmt":"2026-02-05T09:53:44","slug":"riva-kitchen","status":"publish","type":"page","link":"https:\/\/rivalofts.com\/fr\/riva-kitchen\/","title":{"rendered":"Riva Kitchen"},"content":{"rendered":"\n<div class=\"wp-block-group alignfull is-style-no-padding\"><div class=\"wp-block-group__inner-container is-layout-flow wp-block-group-is-layout-flow\">\n<figure class=\"wp-block-image alignfull size-large\"><img data-recalc-dims=\"1\" height=\"575\" width=\"1280\" decoding=\"async\" src=\"https:\/\/i0.wp.com\/rivalofts.com\/wp-content\/uploads\/2022\/07\/Progetto-senza-titolo-5-1280x575.png?resize=1280%2C575&#038;ssl=1\" alt=\"\" class=\"wp-image-2522\"\/><\/figure>\n\n\n\n<div class=\"wp-block-group alignfull\"><div class=\"wp-block-group__inner-container is-layout-flow wp-block-group-is-layout-flow\">\n<h1 class=\"wp-block-heading\">RIVA-K<\/h1>\n\n\n\n<hr class=\"wp-block-separator has-css-opacity\"\/>\n\n\n\n<div class=\"wp-block-group is-style-multiple-columns\"><div class=\"wp-block-group__inner-container is-layout-flow wp-block-group-is-layout-flow\">\n<p>Riva Kitchen est le c\u0153ur de notre maison. Que ce soit pour le petit-d\u00e9jeuner, le d\u00e9jeuner, un cocktail ou le d\u00eener, c&#8217;est toujours le bon moment pour manger et boire en bonne compagnie dans l&#8217;atmosph\u00e8re d\u00e9tendue de notre salon, sur notre terrasse ou \u00e0 l&#8217;ombre des arbres de notre jardin.<\/p>\n\n\n\n<p>Notre menu varie en fonction de la disponibilit\u00e9 des produits de saison et de nos sources locales : prenez place \u00e0 notre table et d\u00e9couvrez ce que la cuisine vous r\u00e9serve aujourd&#8217;hui.<\/p>\n\n\n\n<p>Pour accompagner nos propositions culinaires, vous trouverez une s\u00e9lection de vins italiens classiques, \u00e0 d\u00e9guster dans l&#8217;atmosph\u00e8re d\u00e9tendue de Riva Lofts.<\/p>\n<\/div><\/div>\n<\/div><\/div>\n\n\n\n<div class=\"wp-block-media-text alignfull is-stacked-on-mobile\"><figure class=\"wp-block-media-text__media\"><img data-recalc-dims=\"1\" loading=\"lazy\" decoding=\"async\" width=\"1280\" height=\"960\" src=\"https:\/\/i0.wp.com\/rivalofts.com\/fr\/wp-content\/uploads\/sites\/4\/2023\/11\/PA120330.jpeg?resize=1280%2C960&#038;ssl=1\" alt=\"\" class=\"wp-image-2276 size-full\" srcset=\"https:\/\/i0.wp.com\/rivalofts.com\/fr\/wp-content\/uploads\/sites\/4\/2023\/11\/PA120330.jpeg?resize=1280%2C960&amp;ssl=1 1280w, https:\/\/i0.wp.com\/rivalofts.com\/fr\/wp-content\/uploads\/sites\/4\/2023\/11\/PA120330.jpeg?resize=553%2C415&amp;ssl=1 553w, https:\/\/i0.wp.com\/rivalofts.com\/fr\/wp-content\/uploads\/sites\/4\/2023\/11\/PA120330.jpeg?resize=912%2C684&amp;ssl=1 912w, https:\/\/i0.wp.com\/rivalofts.com\/fr\/wp-content\/uploads\/sites\/4\/2023\/11\/PA120330.jpeg?resize=1536%2C1152&amp;ssl=1 1536w, https:\/\/i0.wp.com\/rivalofts.com\/fr\/wp-content\/uploads\/sites\/4\/2023\/11\/PA120330.jpeg?resize=337%2C253&amp;ssl=1 337w, https:\/\/i0.wp.com\/rivalofts.com\/fr\/wp-content\/uploads\/sites\/4\/2023\/11\/PA120330.jpeg?resize=560%2C420&amp;ssl=1 560w, https:\/\/i0.wp.com\/rivalofts.com\/fr\/wp-content\/uploads\/sites\/4\/2023\/11\/PA120330.jpeg?w=1728&amp;ssl=1 1728w\" sizes=\"(max-width: 1440px) 100vw, 1250px\" \/><\/figure><div class=\"wp-block-media-text__content\">\n<h2 class=\"wp-block-heading\">D\u00eener<\/h2>\n\n\n\n<hr class=\"wp-block-separator has-css-opacity\"\/>\n\n\n\n<p class=\"is-style-subtitle\">Du mercredi au samedi<\/p>\n\n\n\n<p>Quatre soirs par semaine, venez profiter d&#8217;une exp\u00e9rience d\u00e9tendue et d&#8217;une cuisine cr\u00e9ative allant des plats traditionnels toscans aux plats italiens modernes. Notre <a href=\"https:\/\/rivalofts.com\/en\/riva-kitchen-menu\/\">menu<\/a> varie en fonction de la disponibilit\u00e9 des produits, provenant de producteurs locaux.<\/p>\n\n\n\n<p>L&#8217;imagination, la cr\u00e9ativit\u00e9 et la passion de notre chef r\u00e9sident, associ\u00e9es \u00e0 la beaut\u00e9 et au caract\u00e8re unique d&#8217;un lieu extraordinaire, vous garantissent une exp\u00e9rience unique, que ce soit pour une soir\u00e9e romantique ou un d\u00eener entre amis. <a href=\"https:\/\/reservations-guest.teamsystem.cloud\/riva-k\">Pour r\u00e9server votre table, cliquez ici<\/a>. Pour plus d&#8217;informations, composez le <strong>(+39) 375 7040879<\/strong>.<\/p>\n<\/div><\/div>\n\n\n\n<div class=\"wp-block-media-text alignfull has-media-on-the-right is-stacked-on-mobile has-background has-light-gray-background-color\"><div class=\"wp-block-media-text__content\">\n<h2 class=\"wp-block-heading\">Tous les samedis et dimanches (d&#8217;octobre \u00e0 fin mai)<\/h2>\n\n\n\n<hr class=\"wp-block-separator has-css-opacity\"\/>\n\n\n\n<p>Notre brunch se pr\u00e9sente aujourd&#8217;hui sous la forme d&#8217;un riche buffet sucr\u00e9 et sal\u00e9, avec une s\u00e9lection de plats pr\u00e9par\u00e9s par notre cuisine, con\u00e7us pour \u00eatre partag\u00e9s et d\u00e9gust\u00e9s sans pr\u00e9cipitation.<br>Lorsque le soleil est encore ti\u00e8de, vous pouvez vous installer sur la terrasse, entour\u00e9 par le calme du jardin. Pendant les mois les plus froids, c&#8217;est la salle avec sa grande chemin\u00e9e qui sert de d\u00e9cor : un espace accueillant et relaxant, o\u00f9 l&#8217;on se sent chez soi entre amis.<\/p>\n\n\n\n<p><\/p>\n<\/div><figure class=\"wp-block-media-text__media\"><img data-recalc-dims=\"1\" loading=\"lazy\" decoding=\"async\" width=\"1150\" height=\"1280\" src=\"https:\/\/i0.wp.com\/rivalofts.com\/fr\/wp-content\/uploads\/sites\/4\/2023\/11\/brunch.jpg?resize=1150%2C1280&#038;ssl=1\" alt=\"\" class=\"wp-image-2278 size-full\" srcset=\"https:\/\/i0.wp.com\/rivalofts.com\/fr\/wp-content\/uploads\/sites\/4\/2023\/11\/brunch.jpg?resize=1150%2C1280&amp;ssl=1 1150w, https:\/\/i0.wp.com\/rivalofts.com\/fr\/wp-content\/uploads\/sites\/4\/2023\/11\/brunch.jpg?resize=373%2C415&amp;ssl=1 373w, https:\/\/i0.wp.com\/rivalofts.com\/fr\/wp-content\/uploads\/sites\/4\/2023\/11\/brunch.jpg?resize=665%2C740&amp;ssl=1 665w, https:\/\/i0.wp.com\/rivalofts.com\/fr\/wp-content\/uploads\/sites\/4\/2023\/11\/brunch.jpg?resize=337%2C375&amp;ssl=1 337w, https:\/\/i0.wp.com\/rivalofts.com\/fr\/wp-content\/uploads\/sites\/4\/2023\/11\/brunch.jpg?w=1310&amp;ssl=1 1310w\" sizes=\"(max-width: 1440px) 100vw, 1250px\" \/><\/figure><\/div>\n<\/div><\/div>\n\n\n\n<div style=\"height:20px\" aria-hidden=\"true\" class=\"wp-block-spacer\"><\/div>\n\n\n\n<h2 class=\"wp-block-heading\">Location<\/h2>\n\n\n\n<hr class=\"wp-block-separator has-css-opacity\"\/>\n\n\n\n<div class=\"wp-block-group is-style-multiple-columns\"><div class=\"wp-block-group__inner-container is-layout-flow wp-block-group-is-layout-flow\">\n<p>Le Riva Lofts est situ\u00e9 Via Baccio Bandinelli et surplombe la rive gauche de l&#8217;Arno, juste en face du parc historique \u00ab Parco delle Cascine \u00bb, auquel il est reli\u00e9 par un paisible jardin public qui longe la rive. Il se trouve \u00e0 2 km du centre-ville et est accessible en 10 minutes environ en taxi, en 20\/30 minutes \u00e0 pied ou en 10 minutes \u00e0 v\u00e9lo vintage mis \u00e0 la disposition des clients par l&#8217;h\u00f4tel.<\/p>\n\n\n\n<p>\u00c0 seulement 200 m\u00e8tres de notre complexe, les clients trouveront l&#8217;arr\u00eat Paolo Uccello de la ligne de tramway T1.<\/p>\n\n\n\n<p><\/p>\n<\/div><\/div>\n\n\n\n<h3 class=\"wp-block-heading has-text-align-center\">Reservations recommended:<\/h3>\n\n\n\n<p class=\"has-text-align-center\"><a href=\"https:\/\/reservations-guest.teamsystem.cloud\/riva-k\" target=\"_blank\" rel=\"noreferrer noopener\">To reserve your table click here.<\/a><br>Tel: <a href=\"tel:+390557130272\">(+39) 375 7040879<\/a> &#8211; <a href=\"tel:+390557130272\">(+39) 055 7130272<\/a> | Email:&nbsp;<a href=\"mailto:info@rivalofts.com\">info@rivalofts.com<\/a><\/p>\n\n\n\n<div style=\"height:100px\" aria-hidden=\"true\" class=\"wp-block-spacer\"><\/div>\n","protected":false},"excerpt":{"rendered":"<p>RIVA-K Riva Kitchen est le c\u0153ur de notre maison. Que ce soit pour le petit-d\u00e9jeuner, le d\u00e9jeuner, un cocktail ou le d\u00eener, c&#8217;est toujours le bon moment pour manger et boire en bonne compagnie dans l&#8217;atmosph\u00e8re d\u00e9tendue de notre salon, sur notre terrasse ou \u00e0 l&#8217;ombre des arbres de notre jardin. Notre menu varie en [&hellip;]<\/p>\n","protected":false},"author":7,"featured_media":0,"parent":0,"menu_order":0,"comment_status":"closed","ping_status":"closed","template":"","meta":{"footnotes":""},"class_list":["post-2095","page","type-page","status-publish","hentry"],"yoast_head":"<!-- This site is optimized with the Yoast SEO plugin v23.6 - https:\/\/yoast.com\/wordpress\/plugins\/seo\/ -->\n<title>Riva Kitchen - Riva Loft (FR)<\/title>\n<meta name=\"robots\" content=\"index, follow, max-snippet:-1, max-image-preview:large, max-video-preview:-1\" \/>\n<link rel=\"canonical\" href=\"https:\/\/rivalofts.com\/fr\/riva-kitchen\/\" \/>\n<meta property=\"og:locale\" content=\"en_US\" \/>\n<meta property=\"og:type\" content=\"article\" \/>\n<meta property=\"og:title\" content=\"Riva Kitchen - Riva Loft (FR)\" \/>\n<meta property=\"og:description\" content=\"RIVA-K Riva Kitchen est le c\u0153ur de notre maison. Que ce soit pour le petit-d\u00e9jeuner, le d\u00e9jeuner, un cocktail ou le d\u00eener, c&#8217;est toujours le bon moment pour manger et boire en bonne compagnie dans l&#8217;atmosph\u00e8re d\u00e9tendue de notre salon, sur notre terrasse ou \u00e0 l&#8217;ombre des arbres de notre jardin. Notre menu varie en [&hellip;]\" \/>\n<meta property=\"og:url\" content=\"https:\/\/rivalofts.com\/fr\/riva-kitchen\/\" \/>\n<meta property=\"og:site_name\" content=\"Riva Loft (FR)\" \/>\n<meta property=\"article:modified_time\" content=\"2026-02-05T09:53:44+00:00\" \/>\n<meta property=\"og:image\" content=\"https:\/\/rivalofts.com\/wp-content\/uploads\/2022\/07\/Progetto-senza-titolo-5-1280x575.png\" \/>\n<meta name=\"twitter:card\" content=\"summary_large_image\" \/>\n<meta name=\"twitter:label1\" content=\"Est. reading time\" \/>\n\t<meta name=\"twitter:data1\" content=\"3 minutes\" \/>\n<script type=\"application\/ld+json\" class=\"yoast-schema-graph\">{\"@context\":\"https:\/\/schema.org\",\"@graph\":[{\"@type\":\"WebPage\",\"@id\":\"https:\/\/rivalofts.com\/fr\/riva-kitchen\/\",\"url\":\"https:\/\/rivalofts.com\/fr\/riva-kitchen\/\",\"name\":\"Riva Kitchen - Riva Loft (FR)\",\"isPartOf\":{\"@id\":\"https:\/\/rivalofts.com\/fr\/#website\"},\"primaryImageOfPage\":{\"@id\":\"https:\/\/rivalofts.com\/fr\/riva-kitchen\/#primaryimage\"},\"image\":{\"@id\":\"https:\/\/rivalofts.com\/fr\/riva-kitchen\/#primaryimage\"},\"thumbnailUrl\":\"https:\/\/rivalofts.com\/wp-content\/uploads\/2022\/07\/Progetto-senza-titolo-5-1280x575.png\",\"datePublished\":\"2022-07-26T10:53:47+00:00\",\"dateModified\":\"2026-02-05T09:53:44+00:00\",\"breadcrumb\":{\"@id\":\"https:\/\/rivalofts.com\/fr\/riva-kitchen\/#breadcrumb\"},\"inLanguage\":\"en-US\",\"potentialAction\":[{\"@type\":\"ReadAction\",\"target\":[\"https:\/\/rivalofts.com\/fr\/riva-kitchen\/\"]}]},{\"@type\":\"ImageObject\",\"inLanguage\":\"en-US\",\"@id\":\"https:\/\/rivalofts.com\/fr\/riva-kitchen\/#primaryimage\",\"url\":\"https:\/\/rivalofts.com\/wp-content\/uploads\/2022\/07\/Progetto-senza-titolo-5-1280x575.png\",\"contentUrl\":\"https:\/\/rivalofts.com\/wp-content\/uploads\/2022\/07\/Progetto-senza-titolo-5-1280x575.png\"},{\"@type\":\"BreadcrumbList\",\"@id\":\"https:\/\/rivalofts.com\/fr\/riva-kitchen\/#breadcrumb\",\"itemListElement\":[{\"@type\":\"ListItem\",\"position\":1,\"name\":\"Home\",\"item\":\"https:\/\/rivalofts.com\/fr\/\"},{\"@type\":\"ListItem\",\"position\":2,\"name\":\"Riva Kitchen\"}]},{\"@type\":\"WebSite\",\"@id\":\"https:\/\/rivalofts.com\/fr\/#website\",\"url\":\"https:\/\/rivalofts.com\/fr\/\",\"name\":\"Riva Loft (FR)\",\"description\":\"Enjoy a romantic getaway\",\"publisher\":{\"@id\":\"https:\/\/rivalofts.com\/fr\/#organization\"},\"potentialAction\":[{\"@type\":\"SearchAction\",\"target\":{\"@type\":\"EntryPoint\",\"urlTemplate\":\"https:\/\/rivalofts.com\/fr\/?s={search_term_string}\"},\"query-input\":{\"@type\":\"PropertyValueSpecification\",\"valueRequired\":true,\"valueName\":\"search_term_string\"}}],\"inLanguage\":\"en-US\"},{\"@type\":\"Organization\",\"@id\":\"https:\/\/rivalofts.com\/fr\/#organization\",\"name\":\"Riva Loft (FR)\",\"url\":\"https:\/\/rivalofts.com\/fr\/\",\"logo\":{\"@type\":\"ImageObject\",\"inLanguage\":\"en-US\",\"@id\":\"https:\/\/rivalofts.com\/fr\/#\/schema\/logo\/image\/\",\"url\":\"https:\/\/rivalofts.com\/fr\/wp-content\/uploads\/sites\/4\/2020\/02\/riva-lofts-logo.svg\",\"contentUrl\":\"https:\/\/rivalofts.com\/fr\/wp-content\/uploads\/sites\/4\/2020\/02\/riva-lofts-logo.svg\",\"width\":396,\"height\":85,\"caption\":\"Riva Loft (FR)\"},\"image\":{\"@id\":\"https:\/\/rivalofts.com\/fr\/#\/schema\/logo\/image\/\"}}]}<\/script>\n<!-- \/ Yoast SEO plugin. -->","yoast_head_json":{"title":"Riva Kitchen - Riva Loft (FR)","robots":{"index":"index","follow":"follow","max-snippet":"max-snippet:-1","max-image-preview":"max-image-preview:large","max-video-preview":"max-video-preview:-1"},"canonical":"https:\/\/rivalofts.com\/fr\/riva-kitchen\/","og_locale":"en_US","og_type":"article","og_title":"Riva Kitchen - Riva Loft (FR)","og_description":"RIVA-K Riva Kitchen est le c\u0153ur de notre maison. Que ce soit pour le petit-d\u00e9jeuner, le d\u00e9jeuner, un cocktail ou le d\u00eener, c&#8217;est toujours le bon moment pour manger et boire en bonne compagnie dans l&#8217;atmosph\u00e8re d\u00e9tendue de notre salon, sur notre terrasse ou \u00e0 l&#8217;ombre des arbres de notre jardin. Notre menu varie en [&hellip;]","og_url":"https:\/\/rivalofts.com\/fr\/riva-kitchen\/","og_site_name":"Riva Loft (FR)","article_modified_time":"2026-02-05T09:53:44+00:00","og_image":[{"url":"https:\/\/rivalofts.com\/wp-content\/uploads\/2022\/07\/Progetto-senza-titolo-5-1280x575.png"}],"twitter_card":"summary_large_image","twitter_misc":{"Est. reading time":"3 minutes"},"schema":{"@context":"https:\/\/schema.org","@graph":[{"@type":"WebPage","@id":"https:\/\/rivalofts.com\/fr\/riva-kitchen\/","url":"https:\/\/rivalofts.com\/fr\/riva-kitchen\/","name":"Riva Kitchen - Riva Loft (FR)","isPartOf":{"@id":"https:\/\/rivalofts.com\/fr\/#website"},"primaryImageOfPage":{"@id":"https:\/\/rivalofts.com\/fr\/riva-kitchen\/#primaryimage"},"image":{"@id":"https:\/\/rivalofts.com\/fr\/riva-kitchen\/#primaryimage"},"thumbnailUrl":"https:\/\/rivalofts.com\/wp-content\/uploads\/2022\/07\/Progetto-senza-titolo-5-1280x575.png","datePublished":"2022-07-26T10:53:47+00:00","dateModified":"2026-02-05T09:53:44+00:00","breadcrumb":{"@id":"https:\/\/rivalofts.com\/fr\/riva-kitchen\/#breadcrumb"},"inLanguage":"en-US","potentialAction":[{"@type":"ReadAction","target":["https:\/\/rivalofts.com\/fr\/riva-kitchen\/"]}]},{"@type":"ImageObject","inLanguage":"en-US","@id":"https:\/\/rivalofts.com\/fr\/riva-kitchen\/#primaryimage","url":"https:\/\/rivalofts.com\/wp-content\/uploads\/2022\/07\/Progetto-senza-titolo-5-1280x575.png","contentUrl":"https:\/\/rivalofts.com\/wp-content\/uploads\/2022\/07\/Progetto-senza-titolo-5-1280x575.png"},{"@type":"BreadcrumbList","@id":"https:\/\/rivalofts.com\/fr\/riva-kitchen\/#breadcrumb","itemListElement":[{"@type":"ListItem","position":1,"name":"Home","item":"https:\/\/rivalofts.com\/fr\/"},{"@type":"ListItem","position":2,"name":"Riva Kitchen"}]},{"@type":"WebSite","@id":"https:\/\/rivalofts.com\/fr\/#website","url":"https:\/\/rivalofts.com\/fr\/","name":"Riva Loft (FR)","description":"Enjoy a romantic getaway","publisher":{"@id":"https:\/\/rivalofts.com\/fr\/#organization"},"potentialAction":[{"@type":"SearchAction","target":{"@type":"EntryPoint","urlTemplate":"https:\/\/rivalofts.com\/fr\/?s={search_term_string}"},"query-input":{"@type":"PropertyValueSpecification","valueRequired":true,"valueName":"search_term_string"}}],"inLanguage":"en-US"},{"@type":"Organization","@id":"https:\/\/rivalofts.com\/fr\/#organization","name":"Riva Loft (FR)","url":"https:\/\/rivalofts.com\/fr\/","logo":{"@type":"ImageObject","inLanguage":"en-US","@id":"https:\/\/rivalofts.com\/fr\/#\/schema\/logo\/image\/","url":"https:\/\/rivalofts.com\/fr\/wp-content\/uploads\/sites\/4\/2020\/02\/riva-lofts-logo.svg","contentUrl":"https:\/\/rivalofts.com\/fr\/wp-content\/uploads\/sites\/4\/2020\/02\/riva-lofts-logo.svg","width":396,"height":85,"caption":"Riva Loft (FR)"},"image":{"@id":"https:\/\/rivalofts.com\/fr\/#\/schema\/logo\/image\/"}}]}},"jetpack_sharing_enabled":true,"_links":{"self":[{"href":"https:\/\/rivalofts.com\/fr\/wp-json\/wp\/v2\/pages\/2095"}],"collection":[{"href":"https:\/\/rivalofts.com\/fr\/wp-json\/wp\/v2\/pages"}],"about":[{"href":"https:\/\/rivalofts.com\/fr\/wp-json\/wp\/v2\/types\/page"}],"author":[{"embeddable":true,"href":"https:\/\/rivalofts.com\/fr\/wp-json\/wp\/v2\/users\/7"}],"replies":[{"embeddable":true,"href":"https:\/\/rivalofts.com\/fr\/wp-json\/wp\/v2\/comments?post=2095"}],"version-history":[{"count":23,"href":"https:\/\/rivalofts.com\/fr\/wp-json\/wp\/v2\/pages\/2095\/revisions"}],"predecessor-version":[{"id":2398,"href":"https:\/\/rivalofts.com\/fr\/wp-json\/wp\/v2\/pages\/2095\/revisions\/2398"}],"wp:attachment":[{"href":"https:\/\/rivalofts.com\/fr\/wp-json\/wp\/v2\/media?parent=2095"}],"curies":[{"name":"wp","href":"https:\/\/api.w.org\/{rel}","templated":true}]}}