{"id":541,"date":"2020-01-29T16:31:04","date_gmt":"2020-01-29T15:31:04","guid":{"rendered":"https:\/\/riva-lofts.appspot.com\/?page_id=541"},"modified":"2020-02-25T10:03:50","modified_gmt":"2020-02-25T09:03:50","slug":"meetings-dentreprise","status":"publish","type":"page","link":"https:\/\/rivalofts.com\/fr\/evenements\/meetings-dentreprise\/","title":{"rendered":"Meetings d\u2019entreprise"},"content":{"rendered":"\n<figure class=\"wp-block-image alignfull size-large\"><img data-recalc-dims=\"1\" loading=\"lazy\" decoding=\"async\" width=\"1024\" height=\"512\" src=\"https:\/\/i0.wp.com\/rivalofts.com\/wp-content\/uploads\/2020\/01\/riva-lofts-eventi-meeting-full-desktop_0001_team_building-1024x512.jpg?resize=1024%2C512&#038;ssl=1\" alt=\"\" class=\"wp-image-543\" srcset=\"https:\/\/i0.wp.com\/rivalofts.com\/fr\/wp-content\/uploads\/sites\/4\/2020\/01\/riva-lofts-eventi-meeting-full-desktop_0001_team_building-scaled.jpg?resize=1024%2C512&amp;ssl=1 1024w, https:\/\/i0.wp.com\/rivalofts.com\/fr\/wp-content\/uploads\/sites\/4\/2020\/01\/riva-lofts-eventi-meeting-full-desktop_0001_team_building-scaled.jpg?resize=620%2C310&amp;ssl=1 620w, https:\/\/i0.wp.com\/rivalofts.com\/fr\/wp-content\/uploads\/sites\/4\/2020\/01\/riva-lofts-eventi-meeting-full-desktop_0001_team_building-scaled.jpg?resize=1280%2C640&amp;ssl=1 1280w, https:\/\/i0.wp.com\/rivalofts.com\/fr\/wp-content\/uploads\/sites\/4\/2020\/01\/riva-lofts-eventi-meeting-full-desktop_0001_team_building-scaled.jpg?resize=912%2C456&amp;ssl=1 912w, https:\/\/i0.wp.com\/rivalofts.com\/fr\/wp-content\/uploads\/sites\/4\/2020\/01\/riva-lofts-eventi-meeting-full-desktop_0001_team_building-scaled.jpg?resize=1536%2C768&amp;ssl=1 1536w, https:\/\/i0.wp.com\/rivalofts.com\/fr\/wp-content\/uploads\/sites\/4\/2020\/01\/riva-lofts-eventi-meeting-full-desktop_0001_team_building-scaled.jpg?resize=2048%2C1024&amp;ssl=1 2048w, https:\/\/i0.wp.com\/rivalofts.com\/fr\/wp-content\/uploads\/sites\/4\/2020\/01\/riva-lofts-eventi-meeting-full-desktop_0001_team_building-scaled.jpg?resize=337%2C169&amp;ssl=1 337w, https:\/\/i0.wp.com\/rivalofts.com\/fr\/wp-content\/uploads\/sites\/4\/2020\/01\/riva-lofts-eventi-meeting-full-desktop_0001_team_building-scaled.jpg?w=2560&amp;ssl=1 2560w, https:\/\/i0.wp.com\/rivalofts.com\/fr\/wp-content\/uploads\/sites\/4\/2020\/01\/riva-lofts-eventi-meeting-full-desktop_0001_team_building-scaled.jpg?resize=300%2C150&amp;ssl=1 300w, https:\/\/i0.wp.com\/rivalofts.com\/fr\/wp-content\/uploads\/sites\/4\/2020\/01\/riva-lofts-eventi-meeting-full-desktop_0001_team_building-scaled.jpg?resize=768%2C384&amp;ssl=1 768w, https:\/\/i0.wp.com\/rivalofts.com\/fr\/wp-content\/uploads\/sites\/4\/2020\/01\/riva-lofts-eventi-meeting-full-desktop_0001_team_building-scaled.jpg?resize=266%2C133&amp;ssl=1 266w, https:\/\/i0.wp.com\/rivalofts.com\/fr\/wp-content\/uploads\/sites\/4\/2020\/01\/riva-lofts-eventi-meeting-full-desktop_0001_team_building-scaled.jpg?resize=400%2C200&amp;ssl=1 400w, https:\/\/i0.wp.com\/rivalofts.com\/fr\/wp-content\/uploads\/sites\/4\/2020\/01\/riva-lofts-eventi-meeting-full-desktop_0001_team_building-scaled.jpg?resize=800%2C400&amp;ssl=1 800w, https:\/\/i0.wp.com\/rivalofts.com\/fr\/wp-content\/uploads\/sites\/4\/2020\/01\/riva-lofts-eventi-meeting-full-desktop_0001_team_building-scaled.jpg?resize=480%2C240&amp;ssl=1 480w, https:\/\/i0.wp.com\/rivalofts.com\/fr\/wp-content\/uploads\/sites\/4\/2020\/01\/riva-lofts-eventi-meeting-full-desktop_0001_team_building-scaled.jpg?resize=600%2C300&amp;ssl=1 600w, https:\/\/i0.wp.com\/rivalofts.com\/fr\/wp-content\/uploads\/sites\/4\/2020\/01\/riva-lofts-eventi-meeting-full-desktop_0001_team_building-scaled.jpg?resize=900%2C450&amp;ssl=1 900w, https:\/\/i0.wp.com\/rivalofts.com\/fr\/wp-content\/uploads\/sites\/4\/2020\/01\/riva-lofts-eventi-meeting-full-desktop_0001_team_building-scaled.jpg?resize=1200%2C600&amp;ssl=1 1200w, https:\/\/i0.wp.com\/rivalofts.com\/fr\/wp-content\/uploads\/sites\/4\/2020\/01\/riva-lofts-eventi-meeting-full-desktop_0001_team_building-scaled.jpg?resize=1800%2C900&amp;ssl=1 1800w, https:\/\/i0.wp.com\/rivalofts.com\/fr\/wp-content\/uploads\/sites\/4\/2020\/01\/riva-lofts-eventi-meeting-full-desktop_0001_team_building-scaled.jpg?resize=240%2C120&amp;ssl=1 240w, https:\/\/i0.wp.com\/rivalofts.com\/fr\/wp-content\/uploads\/sites\/4\/2020\/01\/riva-lofts-eventi-meeting-full-desktop_0001_team_building-scaled.jpg?resize=1366%2C683&amp;ssl=1 1366w\" sizes=\"(max-width: 1024px) 100vw, 1024px\" \/><\/figure>\n\n\n\n<div style=\"height:20px\" aria-hidden=\"true\" class=\"wp-block-spacer\"><\/div>\n\n\n\n<h1 class=\"wp-block-heading\">Meetings d\u2019entreprise<\/h1>\n\n\n\n<hr class=\"wp-block-separator\"\/>\n\n\n\n<div class=\"wp-block-group is-style-multiple-columns\"><div class=\"wp-block-group__inner-container is-layout-flow wp-block-group-is-layout-flow\">\n<p>Riva Lofts offre ses espaces uniques pour les r\u00e9unions professionnelles et le team building, pour des groupes de 4 \u00e0 40 personnes, avec des services sur mesure de pauses caf\u00e9 et de pauses d\u00e9jeuner, de projections vid\u00e9o, de wi-fi et de tout ce qui est n\u00e9cessaire pour que vos r\u00e9unions deviennent une exp\u00e9rience constructive et agr\u00e9able.<\/p>\n<\/div><\/div>\n\n\n\n<div style=\"height:20px\" aria-hidden=\"true\" class=\"wp-block-spacer\"><\/div>\n\n\n\n<h2 class=\"has-text-align-center wp-block-heading\">\u00c9crivez-nous<\/h2>\n\n\n\n<hr class=\"wp-block-separator\"\/>\n\n\n\n<div class=\"wp-block-hubspot-form\" id=\"form_cbe92f0a-de6e-496b-96fb-92840276d99f\"><div class=\"wp-block-hubspot-form__form\" data-portal-id=\"7195204\" data-form-id=\"eab58956-9735-435d-adc7-ae953425cceb\" data-custom-css=\"1\"><\/div><\/div>\n\n\n\n<div style=\"height:20px\" aria-hidden=\"true\" class=\"wp-block-spacer\"><\/div>\n","protected":false},"excerpt":{"rendered":"<p>Meetings d\u2019entreprise Riva Lofts offre ses espaces uniques pour les r\u00e9unions professionnelles et le team building, pour des groupes de 4 \u00e0 40 personnes, avec des services sur mesure de pauses caf\u00e9 et de pauses d\u00e9jeuner, de projections vid\u00e9o, de wi-fi et de tout ce qui est n\u00e9cessaire pour que vos r\u00e9unions deviennent une exp\u00e9rience [&hellip;]<\/p>\n","protected":false},"author":5,"featured_media":0,"parent":15,"menu_order":0,"comment_status":"closed","ping_status":"closed","template":"","meta":{"footnotes":""},"class_list":["post-541","page","type-page","status-publish","hentry"],"yoast_head":"<!-- This site is optimized with the Yoast SEO plugin v23.6 - https:\/\/yoast.com\/wordpress\/plugins\/seo\/ -->\n<title>Meetings d\u2019entreprise - Riva Loft (FR)<\/title>\n<meta name=\"robots\" content=\"index, follow, max-snippet:-1, max-image-preview:large, max-video-preview:-1\" \/>\n<link rel=\"canonical\" href=\"https:\/\/rivalofts.com\/fr\/evenements\/meetings-dentreprise\/\" \/>\n<meta property=\"og:locale\" content=\"en_US\" \/>\n<meta property=\"og:type\" content=\"article\" \/>\n<meta property=\"og:title\" content=\"Meetings d\u2019entreprise - Riva Loft (FR)\" \/>\n<meta property=\"og:description\" content=\"Meetings d\u2019entreprise Riva Lofts offre ses espaces uniques pour les r\u00e9unions professionnelles et le team building, pour des groupes de 4 \u00e0 40 personnes, avec des services sur mesure de pauses caf\u00e9 et de pauses d\u00e9jeuner, de projections vid\u00e9o, de wi-fi et de tout ce qui est n\u00e9cessaire pour que vos r\u00e9unions deviennent une exp\u00e9rience [&hellip;]\" \/>\n<meta property=\"og:url\" content=\"https:\/\/rivalofts.com\/fr\/evenements\/meetings-dentreprise\/\" \/>\n<meta property=\"og:site_name\" content=\"Riva Loft (FR)\" \/>\n<meta property=\"article:modified_time\" content=\"2020-02-25T09:03:50+00:00\" \/>\n<meta property=\"og:image\" content=\"https:\/\/rivalofts.com\/wp-content\/uploads\/2020\/01\/riva-lofts-eventi-meeting-full-desktop_0001_team_building-1024x512.jpg\" \/>\n<meta name=\"twitter:card\" content=\"summary_large_image\" \/>\n<script type=\"application\/ld+json\" class=\"yoast-schema-graph\">{\"@context\":\"https:\/\/schema.org\",\"@graph\":[{\"@type\":\"WebPage\",\"@id\":\"https:\/\/rivalofts.com\/fr\/evenements\/meetings-dentreprise\/\",\"url\":\"https:\/\/rivalofts.com\/fr\/evenements\/meetings-dentreprise\/\",\"name\":\"Meetings d\u2019entreprise - Riva Loft (FR)\",\"isPartOf\":{\"@id\":\"https:\/\/rivalofts.com\/fr\/#website\"},\"primaryImageOfPage\":{\"@id\":\"https:\/\/rivalofts.com\/fr\/evenements\/meetings-dentreprise\/#primaryimage\"},\"image\":{\"@id\":\"https:\/\/rivalofts.com\/fr\/evenements\/meetings-dentreprise\/#primaryimage\"},\"thumbnailUrl\":\"https:\/\/rivalofts.com\/wp-content\/uploads\/2020\/01\/riva-lofts-eventi-meeting-full-desktop_0001_team_building-1024x512.jpg\",\"datePublished\":\"2020-01-29T15:31:04+00:00\",\"dateModified\":\"2020-02-25T09:03:50+00:00\",\"breadcrumb\":{\"@id\":\"https:\/\/rivalofts.com\/fr\/evenements\/meetings-dentreprise\/#breadcrumb\"},\"inLanguage\":\"en-US\",\"potentialAction\":[{\"@type\":\"ReadAction\",\"target\":[\"https:\/\/rivalofts.com\/fr\/evenements\/meetings-dentreprise\/\"]}]},{\"@type\":\"ImageObject\",\"inLanguage\":\"en-US\",\"@id\":\"https:\/\/rivalofts.com\/fr\/evenements\/meetings-dentreprise\/#primaryimage\",\"url\":\"https:\/\/rivalofts.com\/wp-content\/uploads\/2020\/01\/riva-lofts-eventi-meeting-full-desktop_0001_team_building-1024x512.jpg\",\"contentUrl\":\"https:\/\/rivalofts.com\/wp-content\/uploads\/2020\/01\/riva-lofts-eventi-meeting-full-desktop_0001_team_building-1024x512.jpg\"},{\"@type\":\"BreadcrumbList\",\"@id\":\"https:\/\/rivalofts.com\/fr\/evenements\/meetings-dentreprise\/#breadcrumb\",\"itemListElement\":[{\"@type\":\"ListItem\",\"position\":1,\"name\":\"Home\",\"item\":\"https:\/\/rivalofts.com\/fr\/\"},{\"@type\":\"ListItem\",\"position\":2,\"name\":\"\u00c9v\u00e8nements\",\"item\":\"https:\/\/rivalofts.com\/fr\/evenements\/\"},{\"@type\":\"ListItem\",\"position\":3,\"name\":\"Meetings d\u2019entreprise\"}]},{\"@type\":\"WebSite\",\"@id\":\"https:\/\/rivalofts.com\/fr\/#website\",\"url\":\"https:\/\/rivalofts.com\/fr\/\",\"name\":\"Riva Loft (FR)\",\"description\":\"Enjoy a romantic getaway\",\"publisher\":{\"@id\":\"https:\/\/rivalofts.com\/fr\/#organization\"},\"potentialAction\":[{\"@type\":\"SearchAction\",\"target\":{\"@type\":\"EntryPoint\",\"urlTemplate\":\"https:\/\/rivalofts.com\/fr\/?s={search_term_string}\"},\"query-input\":{\"@type\":\"PropertyValueSpecification\",\"valueRequired\":true,\"valueName\":\"search_term_string\"}}],\"inLanguage\":\"en-US\"},{\"@type\":\"Organization\",\"@id\":\"https:\/\/rivalofts.com\/fr\/#organization\",\"name\":\"Riva Loft (FR)\",\"url\":\"https:\/\/rivalofts.com\/fr\/\",\"logo\":{\"@type\":\"ImageObject\",\"inLanguage\":\"en-US\",\"@id\":\"https:\/\/rivalofts.com\/fr\/#\/schema\/logo\/image\/\",\"url\":\"https:\/\/rivalofts.com\/fr\/wp-content\/uploads\/sites\/4\/2020\/02\/riva-lofts-logo.svg\",\"contentUrl\":\"https:\/\/rivalofts.com\/fr\/wp-content\/uploads\/sites\/4\/2020\/02\/riva-lofts-logo.svg\",\"width\":396,\"height\":85,\"caption\":\"Riva Loft (FR)\"},\"image\":{\"@id\":\"https:\/\/rivalofts.com\/fr\/#\/schema\/logo\/image\/\"}}]}<\/script>\n<!-- \/ Yoast SEO plugin. -->","yoast_head_json":{"title":"Meetings d\u2019entreprise - Riva Loft (FR)","robots":{"index":"index","follow":"follow","max-snippet":"max-snippet:-1","max-image-preview":"max-image-preview:large","max-video-preview":"max-video-preview:-1"},"canonical":"https:\/\/rivalofts.com\/fr\/evenements\/meetings-dentreprise\/","og_locale":"en_US","og_type":"article","og_title":"Meetings d\u2019entreprise - Riva Loft (FR)","og_description":"Meetings d\u2019entreprise Riva Lofts offre ses espaces uniques pour les r\u00e9unions professionnelles et le team building, pour des groupes de 4 \u00e0 40 personnes, avec des services sur mesure de pauses caf\u00e9 et de pauses d\u00e9jeuner, de projections vid\u00e9o, de wi-fi et de tout ce qui est n\u00e9cessaire pour que vos r\u00e9unions deviennent une exp\u00e9rience [&hellip;]","og_url":"https:\/\/rivalofts.com\/fr\/evenements\/meetings-dentreprise\/","og_site_name":"Riva Loft (FR)","article_modified_time":"2020-02-25T09:03:50+00:00","og_image":[{"url":"https:\/\/rivalofts.com\/wp-content\/uploads\/2020\/01\/riva-lofts-eventi-meeting-full-desktop_0001_team_building-1024x512.jpg"}],"twitter_card":"summary_large_image","schema":{"@context":"https:\/\/schema.org","@graph":[{"@type":"WebPage","@id":"https:\/\/rivalofts.com\/fr\/evenements\/meetings-dentreprise\/","url":"https:\/\/rivalofts.com\/fr\/evenements\/meetings-dentreprise\/","name":"Meetings d\u2019entreprise - Riva Loft (FR)","isPartOf":{"@id":"https:\/\/rivalofts.com\/fr\/#website"},"primaryImageOfPage":{"@id":"https:\/\/rivalofts.com\/fr\/evenements\/meetings-dentreprise\/#primaryimage"},"image":{"@id":"https:\/\/rivalofts.com\/fr\/evenements\/meetings-dentreprise\/#primaryimage"},"thumbnailUrl":"https:\/\/rivalofts.com\/wp-content\/uploads\/2020\/01\/riva-lofts-eventi-meeting-full-desktop_0001_team_building-1024x512.jpg","datePublished":"2020-01-29T15:31:04+00:00","dateModified":"2020-02-25T09:03:50+00:00","breadcrumb":{"@id":"https:\/\/rivalofts.com\/fr\/evenements\/meetings-dentreprise\/#breadcrumb"},"inLanguage":"en-US","potentialAction":[{"@type":"ReadAction","target":["https:\/\/rivalofts.com\/fr\/evenements\/meetings-dentreprise\/"]}]},{"@type":"ImageObject","inLanguage":"en-US","@id":"https:\/\/rivalofts.com\/fr\/evenements\/meetings-dentreprise\/#primaryimage","url":"https:\/\/rivalofts.com\/wp-content\/uploads\/2020\/01\/riva-lofts-eventi-meeting-full-desktop_0001_team_building-1024x512.jpg","contentUrl":"https:\/\/rivalofts.com\/wp-content\/uploads\/2020\/01\/riva-lofts-eventi-meeting-full-desktop_0001_team_building-1024x512.jpg"},{"@type":"BreadcrumbList","@id":"https:\/\/rivalofts.com\/fr\/evenements\/meetings-dentreprise\/#breadcrumb","itemListElement":[{"@type":"ListItem","position":1,"name":"Home","item":"https:\/\/rivalofts.com\/fr\/"},{"@type":"ListItem","position":2,"name":"\u00c9v\u00e8nements","item":"https:\/\/rivalofts.com\/fr\/evenements\/"},{"@type":"ListItem","position":3,"name":"Meetings d\u2019entreprise"}]},{"@type":"WebSite","@id":"https:\/\/rivalofts.com\/fr\/#website","url":"https:\/\/rivalofts.com\/fr\/","name":"Riva Loft (FR)","description":"Enjoy a romantic getaway","publisher":{"@id":"https:\/\/rivalofts.com\/fr\/#organization"},"potentialAction":[{"@type":"SearchAction","target":{"@type":"EntryPoint","urlTemplate":"https:\/\/rivalofts.com\/fr\/?s={search_term_string}"},"query-input":{"@type":"PropertyValueSpecification","valueRequired":true,"valueName":"search_term_string"}}],"inLanguage":"en-US"},{"@type":"Organization","@id":"https:\/\/rivalofts.com\/fr\/#organization","name":"Riva Loft (FR)","url":"https:\/\/rivalofts.com\/fr\/","logo":{"@type":"ImageObject","inLanguage":"en-US","@id":"https:\/\/rivalofts.com\/fr\/#\/schema\/logo\/image\/","url":"https:\/\/rivalofts.com\/fr\/wp-content\/uploads\/sites\/4\/2020\/02\/riva-lofts-logo.svg","contentUrl":"https:\/\/rivalofts.com\/fr\/wp-content\/uploads\/sites\/4\/2020\/02\/riva-lofts-logo.svg","width":396,"height":85,"caption":"Riva Loft (FR)"},"image":{"@id":"https:\/\/rivalofts.com\/fr\/#\/schema\/logo\/image\/"}}]}},"jetpack_sharing_enabled":true,"_links":{"self":[{"href":"https:\/\/rivalofts.com\/fr\/wp-json\/wp\/v2\/pages\/541"}],"collection":[{"href":"https:\/\/rivalofts.com\/fr\/wp-json\/wp\/v2\/pages"}],"about":[{"href":"https:\/\/rivalofts.com\/fr\/wp-json\/wp\/v2\/types\/page"}],"author":[{"embeddable":true,"href":"https:\/\/rivalofts.com\/fr\/wp-json\/wp\/v2\/users\/5"}],"replies":[{"embeddable":true,"href":"https:\/\/rivalofts.com\/fr\/wp-json\/wp\/v2\/comments?post=541"}],"version-history":[{"count":5,"href":"https:\/\/rivalofts.com\/fr\/wp-json\/wp\/v2\/pages\/541\/revisions"}],"predecessor-version":[{"id":1904,"href":"https:\/\/rivalofts.com\/fr\/wp-json\/wp\/v2\/pages\/541\/revisions\/1904"}],"up":[{"embeddable":true,"href":"https:\/\/rivalofts.com\/fr\/wp-json\/wp\/v2\/pages\/15"}],"wp:attachment":[{"href":"https:\/\/rivalofts.com\/fr\/wp-json\/wp\/v2\/media?parent=541"}],"curies":[{"name":"wp","href":"https:\/\/api.w.org\/{rel}","templated":true}]}}