{"id":599,"date":"2020-01-29T17:03:07","date_gmt":"2020-01-29T16:03:07","guid":{"rendered":"https:\/\/riva-lofts.appspot.com\/?page_id=599"},"modified":"2020-02-20T12:25:50","modified_gmt":"2020-02-20T11:25:50","slug":"cena-al-gelato","status":"publish","type":"page","link":"https:\/\/rivalofts.com\/fr\/evenements\/evenements-prives\/cena-al-gelato\/","title":{"rendered":"Cena al Gelato"},"content":{"rendered":"\n<div style=\"height:20px\" aria-hidden=\"true\" class=\"wp-block-spacer\"><\/div>\n\n\n\n<h1 class=\"wp-block-heading\">Cena al Gelato<\/h1>\n\n\n\n<hr class=\"wp-block-separator\"\/>\n\n\n\n<div style=\"height:20px\" aria-hidden=\"true\" class=\"wp-block-spacer\"><\/div>\n\n\n\n<div class=\"wp-block-jetpack-tiled-gallery aligncenter is-style-rectangular\"><div class=\"tiled-gallery__gallery\"><div class=\"tiled-gallery__row\"><div class=\"tiled-gallery__col\"><figure class=\"tiled-gallery__item\"><img decoding=\"async\" srcset=\"https:\/\/i2.wp.com\/rivalofts.com\/wp-content\/uploads\/2020\/02\/riva_evento_gelato-1-of-36_1.jpg?strip=info&#038;w=600&#038;ssl=1 600w,https:\/\/i2.wp.com\/rivalofts.com\/wp-content\/uploads\/2020\/02\/riva_evento_gelato-1-of-36_1.jpg?strip=info&#038;w=900&#038;ssl=1 900w,https:\/\/i2.wp.com\/rivalofts.com\/wp-content\/uploads\/2020\/02\/riva_evento_gelato-1-of-36_1.jpg?strip=info&#038;w=1200&#038;ssl=1 1200w\" alt=\"\" data-height=\"800\" data-id=\"1819\" data-link=\"https:\/\/riva-lofts.appspot.com\/?attachment_id=1819\" data-url=\"https:\/\/rivalofts.com\/wp-content\/uploads\/2020\/02\/riva_evento_gelato-1-of-36_1.jpg\" data-width=\"1200\" src=\"https:\/\/i2.wp.com\/rivalofts.com\/wp-content\/uploads\/2020\/02\/riva_evento_gelato-1-of-36_1.jpg?ssl=1\"\/><\/figure><\/div><div class=\"tiled-gallery__col\"><figure class=\"tiled-gallery__item\"><img decoding=\"async\" srcset=\"https:\/\/i2.wp.com\/rivalofts.com\/wp-content\/uploads\/2020\/02\/riva_evento_gelato-1-of-36_2.jpg?strip=info&#038;w=600&#038;ssl=1 600w,https:\/\/i2.wp.com\/rivalofts.com\/wp-content\/uploads\/2020\/02\/riva_evento_gelato-1-of-36_2.jpg?strip=info&#038;w=800&#038;ssl=1 800w\" alt=\"\" data-height=\"1200\" data-id=\"1820\" data-link=\"https:\/\/riva-lofts.appspot.com\/?attachment_id=1820\" data-url=\"https:\/\/rivalofts.com\/wp-content\/uploads\/2020\/02\/riva_evento_gelato-1-of-36_2.jpg\" data-width=\"800\" src=\"https:\/\/i2.wp.com\/rivalofts.com\/wp-content\/uploads\/2020\/02\/riva_evento_gelato-1-of-36_2.jpg?ssl=1\"\/><\/figure><\/div><div class=\"tiled-gallery__col\"><figure class=\"tiled-gallery__item\"><img decoding=\"async\" srcset=\"https:\/\/i1.wp.com\/rivalofts.com\/wp-content\/uploads\/2020\/02\/riva_evento_gelato-2-of-28.jpg?strip=info&#038;w=600&#038;ssl=1 600w,https:\/\/i1.wp.com\/rivalofts.com\/wp-content\/uploads\/2020\/02\/riva_evento_gelato-2-of-28.jpg?strip=info&#038;w=900&#038;ssl=1 900w,https:\/\/i1.wp.com\/rivalofts.com\/wp-content\/uploads\/2020\/02\/riva_evento_gelato-2-of-28.jpg?strip=info&#038;w=1200&#038;ssl=1 1200w\" alt=\"\" data-height=\"800\" data-id=\"1821\" data-link=\"https:\/\/riva-lofts.appspot.com\/?attachment_id=1821\" data-url=\"https:\/\/rivalofts.com\/wp-content\/uploads\/2020\/02\/riva_evento_gelato-2-of-28.jpg\" data-width=\"1200\" src=\"https:\/\/i1.wp.com\/rivalofts.com\/wp-content\/uploads\/2020\/02\/riva_evento_gelato-2-of-28.jpg?ssl=1\"\/><\/figure><\/div><\/div><div class=\"tiled-gallery__row\"><div class=\"tiled-gallery__col\"><figure class=\"tiled-gallery__item\"><img decoding=\"async\" srcset=\"https:\/\/i2.wp.com\/rivalofts.com\/wp-content\/uploads\/2020\/02\/riva_evento_gelato-3-of-28.jpg?strip=info&#038;w=600&#038;ssl=1 600w,https:\/\/i2.wp.com\/rivalofts.com\/wp-content\/uploads\/2020\/02\/riva_evento_gelato-3-of-28.jpg?strip=info&#038;w=900&#038;ssl=1 900w,https:\/\/i2.wp.com\/rivalofts.com\/wp-content\/uploads\/2020\/02\/riva_evento_gelato-3-of-28.jpg?strip=info&#038;w=1200&#038;ssl=1 1200w\" alt=\"\" data-height=\"800\" data-id=\"1822\" data-link=\"https:\/\/riva-lofts.appspot.com\/?attachment_id=1822\" data-url=\"https:\/\/rivalofts.com\/wp-content\/uploads\/2020\/02\/riva_evento_gelato-3-of-28.jpg\" data-width=\"1200\" src=\"https:\/\/i2.wp.com\/rivalofts.com\/wp-content\/uploads\/2020\/02\/riva_evento_gelato-3-of-28.jpg?ssl=1\"\/><\/figure><\/div><div class=\"tiled-gallery__col\"><figure class=\"tiled-gallery__item\"><img decoding=\"async\" srcset=\"https:\/\/i1.wp.com\/rivalofts.com\/wp-content\/uploads\/2020\/02\/riva_evento_gelato-11-of-28.jpg?strip=info&#038;w=600&#038;ssl=1 600w,https:\/\/i1.wp.com\/rivalofts.com\/wp-content\/uploads\/2020\/02\/riva_evento_gelato-11-of-28.jpg?strip=info&#038;w=900&#038;ssl=1 900w,https:\/\/i1.wp.com\/rivalofts.com\/wp-content\/uploads\/2020\/02\/riva_evento_gelato-11-of-28.jpg?strip=info&#038;w=1200&#038;ssl=1 1200w\" alt=\"\" data-height=\"800\" data-id=\"1823\" data-link=\"https:\/\/riva-lofts.appspot.com\/?attachment_id=1823\" data-url=\"https:\/\/rivalofts.com\/wp-content\/uploads\/2020\/02\/riva_evento_gelato-11-of-28.jpg\" data-width=\"1200\" src=\"https:\/\/i1.wp.com\/rivalofts.com\/wp-content\/uploads\/2020\/02\/riva_evento_gelato-11-of-28.jpg?ssl=1\"\/><\/figure><figure class=\"tiled-gallery__item\"><img decoding=\"async\" srcset=\"https:\/\/i1.wp.com\/rivalofts.com\/wp-content\/uploads\/2020\/02\/riva_evento_gelato-19-of-28.jpg?strip=info&#038;w=600&#038;ssl=1 600w,https:\/\/i1.wp.com\/rivalofts.com\/wp-content\/uploads\/2020\/02\/riva_evento_gelato-19-of-28.jpg?strip=info&#038;w=900&#038;ssl=1 900w,https:\/\/i1.wp.com\/rivalofts.com\/wp-content\/uploads\/2020\/02\/riva_evento_gelato-19-of-28.jpg?strip=info&#038;w=1200&#038;ssl=1 1200w\" alt=\"\" data-height=\"800\" data-id=\"1824\" data-link=\"https:\/\/riva-lofts.appspot.com\/?attachment_id=1824\" data-url=\"https:\/\/rivalofts.com\/wp-content\/uploads\/2020\/02\/riva_evento_gelato-19-of-28.jpg\" data-width=\"1200\" src=\"https:\/\/i1.wp.com\/rivalofts.com\/wp-content\/uploads\/2020\/02\/riva_evento_gelato-19-of-28.jpg?ssl=1\"\/><\/figure><\/div><\/div><div class=\"tiled-gallery__row\"><div class=\"tiled-gallery__col\"><figure class=\"tiled-gallery__item\"><img decoding=\"async\" srcset=\"https:\/\/i1.wp.com\/rivalofts.com\/wp-content\/uploads\/2020\/02\/riva_evento_gelato-19-of-36.jpg?strip=info&#038;w=600&#038;ssl=1 600w,https:\/\/i1.wp.com\/rivalofts.com\/wp-content\/uploads\/2020\/02\/riva_evento_gelato-19-of-36.jpg?strip=info&#038;w=900&#038;ssl=1 900w,https:\/\/i1.wp.com\/rivalofts.com\/wp-content\/uploads\/2020\/02\/riva_evento_gelato-19-of-36.jpg?strip=info&#038;w=1200&#038;ssl=1 1200w\" alt=\"\" data-height=\"800\" data-id=\"1825\" data-link=\"https:\/\/riva-lofts.appspot.com\/?attachment_id=1825\" data-url=\"https:\/\/rivalofts.com\/wp-content\/uploads\/2020\/02\/riva_evento_gelato-19-of-36.jpg\" data-width=\"1200\" src=\"https:\/\/i1.wp.com\/rivalofts.com\/wp-content\/uploads\/2020\/02\/riva_evento_gelato-19-of-36.jpg?ssl=1\"\/><\/figure><\/div><div class=\"tiled-gallery__col\"><figure class=\"tiled-gallery__item\"><img decoding=\"async\" srcset=\"https:\/\/i0.wp.com\/rivalofts.com\/wp-content\/uploads\/2020\/02\/riva_evento_gelato-24-of-28.jpg?strip=info&#038;w=600&#038;ssl=1 600w,https:\/\/i0.wp.com\/rivalofts.com\/wp-content\/uploads\/2020\/02\/riva_evento_gelato-24-of-28.jpg?strip=info&#038;w=800&#038;ssl=1 800w\" alt=\"\" data-height=\"1200\" data-id=\"1826\" data-link=\"https:\/\/riva-lofts.appspot.com\/?attachment_id=1826\" data-url=\"https:\/\/rivalofts.com\/wp-content\/uploads\/2020\/02\/riva_evento_gelato-24-of-28.jpg\" data-width=\"800\" src=\"https:\/\/i0.wp.com\/rivalofts.com\/wp-content\/uploads\/2020\/02\/riva_evento_gelato-24-of-28.jpg?ssl=1\"\/><\/figure><\/div><\/div><div class=\"tiled-gallery__row\"><div class=\"tiled-gallery__col\"><figure class=\"tiled-gallery__item\"><img decoding=\"async\" srcset=\"https:\/\/i2.wp.com\/rivalofts.com\/wp-content\/uploads\/2020\/02\/riva_evento_gelato-24-of-36.jpg?strip=info&#038;w=600&#038;ssl=1 600w,https:\/\/i2.wp.com\/rivalofts.com\/wp-content\/uploads\/2020\/02\/riva_evento_gelato-24-of-36.jpg?strip=info&#038;w=900&#038;ssl=1 900w,https:\/\/i2.wp.com\/rivalofts.com\/wp-content\/uploads\/2020\/02\/riva_evento_gelato-24-of-36.jpg?strip=info&#038;w=1200&#038;ssl=1 1200w\" alt=\"\" data-height=\"800\" data-id=\"1827\" data-link=\"https:\/\/riva-lofts.appspot.com\/?attachment_id=1827\" data-url=\"https:\/\/rivalofts.com\/wp-content\/uploads\/2020\/02\/riva_evento_gelato-24-of-36.jpg\" data-width=\"1200\" src=\"https:\/\/i2.wp.com\/rivalofts.com\/wp-content\/uploads\/2020\/02\/riva_evento_gelato-24-of-36.jpg?ssl=1\"\/><\/figure><figure class=\"tiled-gallery__item\"><img decoding=\"async\" srcset=\"https:\/\/i0.wp.com\/rivalofts.com\/wp-content\/uploads\/2020\/02\/riva_evento_gelato-25-of-36.jpg?strip=info&#038;w=600&#038;ssl=1 600w,https:\/\/i0.wp.com\/rivalofts.com\/wp-content\/uploads\/2020\/02\/riva_evento_gelato-25-of-36.jpg?strip=info&#038;w=900&#038;ssl=1 900w,https:\/\/i0.wp.com\/rivalofts.com\/wp-content\/uploads\/2020\/02\/riva_evento_gelato-25-of-36.jpg?strip=info&#038;w=1200&#038;ssl=1 1200w\" alt=\"\" data-height=\"800\" data-id=\"1828\" data-link=\"https:\/\/riva-lofts.appspot.com\/?attachment_id=1828\" data-url=\"https:\/\/rivalofts.com\/wp-content\/uploads\/2020\/02\/riva_evento_gelato-25-of-36.jpg\" data-width=\"1200\" src=\"https:\/\/i0.wp.com\/rivalofts.com\/wp-content\/uploads\/2020\/02\/riva_evento_gelato-25-of-36.jpg?ssl=1\"\/><\/figure><\/div><div class=\"tiled-gallery__col\"><figure class=\"tiled-gallery__item\"><img decoding=\"async\" srcset=\"https:\/\/i1.wp.com\/rivalofts.com\/wp-content\/uploads\/2020\/02\/riva_evento_gelato-27-of-36.jpg?strip=info&#038;w=600&#038;ssl=1 600w,https:\/\/i1.wp.com\/rivalofts.com\/wp-content\/uploads\/2020\/02\/riva_evento_gelato-27-of-36.jpg?strip=info&#038;w=900&#038;ssl=1 900w,https:\/\/i1.wp.com\/rivalofts.com\/wp-content\/uploads\/2020\/02\/riva_evento_gelato-27-of-36.jpg?strip=info&#038;w=1200&#038;ssl=1 1200w\" alt=\"\" data-height=\"800\" data-id=\"1829\" data-link=\"https:\/\/riva-lofts.appspot.com\/?attachment_id=1829\" data-url=\"https:\/\/rivalofts.com\/wp-content\/uploads\/2020\/02\/riva_evento_gelato-27-of-36.jpg\" data-width=\"1200\" src=\"https:\/\/i1.wp.com\/rivalofts.com\/wp-content\/uploads\/2020\/02\/riva_evento_gelato-27-of-36.jpg?ssl=1\"\/><\/figure><\/div><\/div><div class=\"tiled-gallery__row\"><div class=\"tiled-gallery__col\"><figure class=\"tiled-gallery__item\"><img decoding=\"async\" srcset=\"https:\/\/i1.wp.com\/rivalofts.com\/wp-content\/uploads\/2020\/02\/riva_evento_gelato-32-of-36.jpg?strip=info&#038;w=600&#038;ssl=1 600w,https:\/\/i1.wp.com\/rivalofts.com\/wp-content\/uploads\/2020\/02\/riva_evento_gelato-32-of-36.jpg?strip=info&#038;w=900&#038;ssl=1 900w,https:\/\/i1.wp.com\/rivalofts.com\/wp-content\/uploads\/2020\/02\/riva_evento_gelato-32-of-36.jpg?strip=info&#038;w=1200&#038;ssl=1 1200w\" alt=\"\" data-height=\"800\" data-id=\"1830\" data-link=\"https:\/\/riva-lofts.appspot.com\/?attachment_id=1830\" data-url=\"https:\/\/rivalofts.com\/wp-content\/uploads\/2020\/02\/riva_evento_gelato-32-of-36.jpg\" data-width=\"1200\" src=\"https:\/\/i1.wp.com\/rivalofts.com\/wp-content\/uploads\/2020\/02\/riva_evento_gelato-32-of-36.jpg?ssl=1\"\/><\/figure><\/div><div class=\"tiled-gallery__col\"><figure class=\"tiled-gallery__item\"><img decoding=\"async\" srcset=\"https:\/\/i2.wp.com\/rivalofts.com\/wp-content\/uploads\/2020\/02\/riva_evento_gelato-33-of-36_1.jpg?strip=info&#038;w=600&#038;ssl=1 600w,https:\/\/i2.wp.com\/rivalofts.com\/wp-content\/uploads\/2020\/02\/riva_evento_gelato-33-of-36_1.jpg?strip=info&#038;w=900&#038;ssl=1 900w,https:\/\/i2.wp.com\/rivalofts.com\/wp-content\/uploads\/2020\/02\/riva_evento_gelato-33-of-36_1.jpg?strip=info&#038;w=1200&#038;ssl=1 1200w\" alt=\"\" data-height=\"800\" data-id=\"1831\" data-link=\"https:\/\/riva-lofts.appspot.com\/?attachment_id=1831\" data-url=\"https:\/\/rivalofts.com\/wp-content\/uploads\/2020\/02\/riva_evento_gelato-33-of-36_1.jpg\" data-width=\"1200\" src=\"https:\/\/i2.wp.com\/rivalofts.com\/wp-content\/uploads\/2020\/02\/riva_evento_gelato-33-of-36_1.jpg?ssl=1\"\/><\/figure><\/div><\/div><\/div><\/div>\n","protected":false},"excerpt":{"rendered":"<p>Cena al Gelato<\/p>\n","protected":false},"author":1,"featured_media":0,"parent":288,"menu_order":0,"comment_status":"closed","ping_status":"closed","template":"","meta":{"footnotes":""},"class_list":["post-599","page","type-page","status-publish","hentry"],"yoast_head":"<!-- This site is optimized with the Yoast SEO plugin v23.6 - https:\/\/yoast.com\/wordpress\/plugins\/seo\/ -->\n<title>Cena al Gelato - Riva Loft (FR)<\/title>\n<meta name=\"robots\" content=\"index, follow, max-snippet:-1, max-image-preview:large, max-video-preview:-1\" \/>\n<link rel=\"canonical\" href=\"https:\/\/rivalofts.com\/fr\/evenements\/evenements-prives\/cena-al-gelato\/\" \/>\n<meta property=\"og:locale\" content=\"en_US\" \/>\n<meta property=\"og:type\" content=\"article\" \/>\n<meta property=\"og:title\" content=\"Cena al Gelato - Riva Loft (FR)\" \/>\n<meta property=\"og:description\" content=\"Cena al Gelato\" \/>\n<meta property=\"og:url\" content=\"https:\/\/rivalofts.com\/fr\/evenements\/evenements-prives\/cena-al-gelato\/\" \/>\n<meta property=\"og:site_name\" content=\"Riva Loft (FR)\" \/>\n<meta property=\"article:modified_time\" content=\"2020-02-20T11:25:50+00:00\" \/>\n<meta property=\"og:image\" content=\"https:\/\/i2.wp.com\/rivalofts.com\/wp-content\/uploads\/2020\/02\/riva_evento_gelato-1-of-36_1.jpg?ssl=1\" \/>\n<meta name=\"twitter:card\" content=\"summary_large_image\" \/>\n<script type=\"application\/ld+json\" class=\"yoast-schema-graph\">{\"@context\":\"https:\/\/schema.org\",\"@graph\":[{\"@type\":\"WebPage\",\"@id\":\"https:\/\/rivalofts.com\/fr\/evenements\/evenements-prives\/cena-al-gelato\/\",\"url\":\"https:\/\/rivalofts.com\/fr\/evenements\/evenements-prives\/cena-al-gelato\/\",\"name\":\"Cena al Gelato - Riva Loft (FR)\",\"isPartOf\":{\"@id\":\"https:\/\/rivalofts.com\/fr\/#website\"},\"primaryImageOfPage\":{\"@id\":\"https:\/\/rivalofts.com\/fr\/evenements\/evenements-prives\/cena-al-gelato\/#primaryimage\"},\"image\":{\"@id\":\"https:\/\/rivalofts.com\/fr\/evenements\/evenements-prives\/cena-al-gelato\/#primaryimage\"},\"thumbnailUrl\":\"https:\/\/i2.wp.com\/rivalofts.com\/wp-content\/uploads\/2020\/02\/riva_evento_gelato-1-of-36_1.jpg?ssl=1\",\"datePublished\":\"2020-01-29T16:03:07+00:00\",\"dateModified\":\"2020-02-20T11:25:50+00:00\",\"breadcrumb\":{\"@id\":\"https:\/\/rivalofts.com\/fr\/evenements\/evenements-prives\/cena-al-gelato\/#breadcrumb\"},\"inLanguage\":\"en-US\",\"potentialAction\":[{\"@type\":\"ReadAction\",\"target\":[\"https:\/\/rivalofts.com\/fr\/evenements\/evenements-prives\/cena-al-gelato\/\"]}]},{\"@type\":\"ImageObject\",\"inLanguage\":\"en-US\",\"@id\":\"https:\/\/rivalofts.com\/fr\/evenements\/evenements-prives\/cena-al-gelato\/#primaryimage\",\"url\":\"https:\/\/i2.wp.com\/rivalofts.com\/wp-content\/uploads\/2020\/02\/riva_evento_gelato-1-of-36_1.jpg?ssl=1\",\"contentUrl\":\"https:\/\/i2.wp.com\/rivalofts.com\/wp-content\/uploads\/2020\/02\/riva_evento_gelato-1-of-36_1.jpg?ssl=1\"},{\"@type\":\"BreadcrumbList\",\"@id\":\"https:\/\/rivalofts.com\/fr\/evenements\/evenements-prives\/cena-al-gelato\/#breadcrumb\",\"itemListElement\":[{\"@type\":\"ListItem\",\"position\":1,\"name\":\"Home\",\"item\":\"https:\/\/rivalofts.com\/fr\/\"},{\"@type\":\"ListItem\",\"position\":2,\"name\":\"\u00c9v\u00e8nements\",\"item\":\"https:\/\/rivalofts.com\/fr\/evenements\/\"},{\"@type\":\"ListItem\",\"position\":3,\"name\":\"\u00c9v\u00e8nements priv\u00e9s\",\"item\":\"https:\/\/rivalofts.com\/fr\/evenements\/evenements-prives\/\"},{\"@type\":\"ListItem\",\"position\":4,\"name\":\"Cena al Gelato\"}]},{\"@type\":\"WebSite\",\"@id\":\"https:\/\/rivalofts.com\/fr\/#website\",\"url\":\"https:\/\/rivalofts.com\/fr\/\",\"name\":\"Riva Loft (FR)\",\"description\":\"Enjoy a romantic getaway\",\"publisher\":{\"@id\":\"https:\/\/rivalofts.com\/fr\/#organization\"},\"potentialAction\":[{\"@type\":\"SearchAction\",\"target\":{\"@type\":\"EntryPoint\",\"urlTemplate\":\"https:\/\/rivalofts.com\/fr\/?s={search_term_string}\"},\"query-input\":{\"@type\":\"PropertyValueSpecification\",\"valueRequired\":true,\"valueName\":\"search_term_string\"}}],\"inLanguage\":\"en-US\"},{\"@type\":\"Organization\",\"@id\":\"https:\/\/rivalofts.com\/fr\/#organization\",\"name\":\"Riva Loft (FR)\",\"url\":\"https:\/\/rivalofts.com\/fr\/\",\"logo\":{\"@type\":\"ImageObject\",\"inLanguage\":\"en-US\",\"@id\":\"https:\/\/rivalofts.com\/fr\/#\/schema\/logo\/image\/\",\"url\":\"https:\/\/rivalofts.com\/fr\/wp-content\/uploads\/sites\/4\/2020\/02\/riva-lofts-logo.svg\",\"contentUrl\":\"https:\/\/rivalofts.com\/fr\/wp-content\/uploads\/sites\/4\/2020\/02\/riva-lofts-logo.svg\",\"width\":396,\"height\":85,\"caption\":\"Riva Loft (FR)\"},\"image\":{\"@id\":\"https:\/\/rivalofts.com\/fr\/#\/schema\/logo\/image\/\"}}]}<\/script>\n<!-- \/ Yoast SEO plugin. -->","yoast_head_json":{"title":"Cena al Gelato - Riva Loft (FR)","robots":{"index":"index","follow":"follow","max-snippet":"max-snippet:-1","max-image-preview":"max-image-preview:large","max-video-preview":"max-video-preview:-1"},"canonical":"https:\/\/rivalofts.com\/fr\/evenements\/evenements-prives\/cena-al-gelato\/","og_locale":"en_US","og_type":"article","og_title":"Cena al Gelato - Riva Loft (FR)","og_description":"Cena al Gelato","og_url":"https:\/\/rivalofts.com\/fr\/evenements\/evenements-prives\/cena-al-gelato\/","og_site_name":"Riva Loft (FR)","article_modified_time":"2020-02-20T11:25:50+00:00","og_image":[{"url":"https:\/\/i2.wp.com\/rivalofts.com\/wp-content\/uploads\/2020\/02\/riva_evento_gelato-1-of-36_1.jpg?ssl=1"}],"twitter_card":"summary_large_image","schema":{"@context":"https:\/\/schema.org","@graph":[{"@type":"WebPage","@id":"https:\/\/rivalofts.com\/fr\/evenements\/evenements-prives\/cena-al-gelato\/","url":"https:\/\/rivalofts.com\/fr\/evenements\/evenements-prives\/cena-al-gelato\/","name":"Cena al Gelato - Riva Loft (FR)","isPartOf":{"@id":"https:\/\/rivalofts.com\/fr\/#website"},"primaryImageOfPage":{"@id":"https:\/\/rivalofts.com\/fr\/evenements\/evenements-prives\/cena-al-gelato\/#primaryimage"},"image":{"@id":"https:\/\/rivalofts.com\/fr\/evenements\/evenements-prives\/cena-al-gelato\/#primaryimage"},"thumbnailUrl":"https:\/\/i2.wp.com\/rivalofts.com\/wp-content\/uploads\/2020\/02\/riva_evento_gelato-1-of-36_1.jpg?ssl=1","datePublished":"2020-01-29T16:03:07+00:00","dateModified":"2020-02-20T11:25:50+00:00","breadcrumb":{"@id":"https:\/\/rivalofts.com\/fr\/evenements\/evenements-prives\/cena-al-gelato\/#breadcrumb"},"inLanguage":"en-US","potentialAction":[{"@type":"ReadAction","target":["https:\/\/rivalofts.com\/fr\/evenements\/evenements-prives\/cena-al-gelato\/"]}]},{"@type":"ImageObject","inLanguage":"en-US","@id":"https:\/\/rivalofts.com\/fr\/evenements\/evenements-prives\/cena-al-gelato\/#primaryimage","url":"https:\/\/i2.wp.com\/rivalofts.com\/wp-content\/uploads\/2020\/02\/riva_evento_gelato-1-of-36_1.jpg?ssl=1","contentUrl":"https:\/\/i2.wp.com\/rivalofts.com\/wp-content\/uploads\/2020\/02\/riva_evento_gelato-1-of-36_1.jpg?ssl=1"},{"@type":"BreadcrumbList","@id":"https:\/\/rivalofts.com\/fr\/evenements\/evenements-prives\/cena-al-gelato\/#breadcrumb","itemListElement":[{"@type":"ListItem","position":1,"name":"Home","item":"https:\/\/rivalofts.com\/fr\/"},{"@type":"ListItem","position":2,"name":"\u00c9v\u00e8nements","item":"https:\/\/rivalofts.com\/fr\/evenements\/"},{"@type":"ListItem","position":3,"name":"\u00c9v\u00e8nements priv\u00e9s","item":"https:\/\/rivalofts.com\/fr\/evenements\/evenements-prives\/"},{"@type":"ListItem","position":4,"name":"Cena al Gelato"}]},{"@type":"WebSite","@id":"https:\/\/rivalofts.com\/fr\/#website","url":"https:\/\/rivalofts.com\/fr\/","name":"Riva Loft (FR)","description":"Enjoy a romantic getaway","publisher":{"@id":"https:\/\/rivalofts.com\/fr\/#organization"},"potentialAction":[{"@type":"SearchAction","target":{"@type":"EntryPoint","urlTemplate":"https:\/\/rivalofts.com\/fr\/?s={search_term_string}"},"query-input":{"@type":"PropertyValueSpecification","valueRequired":true,"valueName":"search_term_string"}}],"inLanguage":"en-US"},{"@type":"Organization","@id":"https:\/\/rivalofts.com\/fr\/#organization","name":"Riva Loft (FR)","url":"https:\/\/rivalofts.com\/fr\/","logo":{"@type":"ImageObject","inLanguage":"en-US","@id":"https:\/\/rivalofts.com\/fr\/#\/schema\/logo\/image\/","url":"https:\/\/rivalofts.com\/fr\/wp-content\/uploads\/sites\/4\/2020\/02\/riva-lofts-logo.svg","contentUrl":"https:\/\/rivalofts.com\/fr\/wp-content\/uploads\/sites\/4\/2020\/02\/riva-lofts-logo.svg","width":396,"height":85,"caption":"Riva Loft (FR)"},"image":{"@id":"https:\/\/rivalofts.com\/fr\/#\/schema\/logo\/image\/"}}]}},"jetpack_sharing_enabled":true,"_links":{"self":[{"href":"https:\/\/rivalofts.com\/fr\/wp-json\/wp\/v2\/pages\/599"}],"collection":[{"href":"https:\/\/rivalofts.com\/fr\/wp-json\/wp\/v2\/pages"}],"about":[{"href":"https:\/\/rivalofts.com\/fr\/wp-json\/wp\/v2\/types\/page"}],"author":[{"embeddable":true,"href":"https:\/\/rivalofts.com\/fr\/wp-json\/wp\/v2\/users\/1"}],"replies":[{"embeddable":true,"href":"https:\/\/rivalofts.com\/fr\/wp-json\/wp\/v2\/comments?post=599"}],"version-history":[{"count":2,"href":"https:\/\/rivalofts.com\/fr\/wp-json\/wp\/v2\/pages\/599\/revisions"}],"predecessor-version":[{"id":1832,"href":"https:\/\/rivalofts.com\/fr\/wp-json\/wp\/v2\/pages\/599\/revisions\/1832"}],"up":[{"embeddable":true,"href":"https:\/\/rivalofts.com\/fr\/wp-json\/wp\/v2\/pages\/288"}],"wp:attachment":[{"href":"https:\/\/rivalofts.com\/fr\/wp-json\/wp\/v2\/media?parent=599"}],"curies":[{"name":"wp","href":"https:\/\/api.w.org\/{rel}","templated":true}]}}